{"id":53,"date":"2015-01-13T08:05:59","date_gmt":"2015-01-13T08:05:59","guid":{"rendered":"http:\/\/www.tourguide.wien\/fr\/?page_id=53"},"modified":"2015-01-21T11:26:27","modified_gmt":"2015-01-21T11:26:27","slug":"centre_historique","status":"publish","type":"page","link":"https:\/\/www.tourguide.wien\/fr\/centre_historique\/","title":{"rendered":"Le centre historique \u2013 L\u00b4essentiel"},"content":{"rendered":"<p>Cette promenade d\u00b4environ 2 heures vous propose de d\u00e9couvrir le centre historique de Vienne avec les monuments les plus importants comme par exemple l\u00b4ancienne r\u00e9sidence de la famille Habsbourg, le Palais imp\u00e9rial (Hofburg), qui abrite \u2013 entre autre \u2013 le tr\u00e9sor imp\u00e9rial autant que les \u00e9tables des \u00ab Lipizzans \u00bb,\u00a0 les chevaux blancs qui sont connus dans le monde entier. La promenade se poursuit \u00e0 travers le \u00ab Graben \u00bb o\u00f9 on verra la \u00ab Colonne\u00a0 de la Peste \u00bb, un chef-d\u00b4\u0153uvre de la sculpture baroque, jusqu\u00b4\u00e0 la Cath\u00e9drale St. Etienne, le c\u0153ur de Vienne.<\/p>\n<p>Pendant ce tour nous allons traiter beaucoup de sujets typiquement viennois comme par exemple l\u00b4Art Nouveau Viennois (Jugendstil), la tradition des caf\u00e9s viennois mais aussi quelques aspects de la vie de l\u00b4empereur Francois Joseph et son \u00e9pouse bien-aim\u00e9e \u00ab Sisi \u00bb.<\/p>\n<p>Vous n\u00b4allez pas seulement voir ces sites embl\u00e9matiques mais aussi quelques petites ruelles et des cours int\u00e9rieures cach\u00e9es. Tout ca va vous laisser des souvenirs inoubliables de votre visite \u00e0 Vienne.<\/p>\n<p><a href=\"https:\/\/www.tourguide.wien\/fr\/wp-content\/uploads\/2015\/01\/1010-Haashaus.jpg\"><img loading=\"lazy\" decoding=\"async\" class=\"alignnone size-thumbnail wp-image-72\" src=\"https:\/\/www.tourguide.wien\/fr\/wp-content\/uploads\/2015\/01\/1010-Haashaus-150x150.jpg\" alt=\"1010 - Haashaus\" width=\"150\" height=\"150\" srcset=\"https:\/\/www.tourguide.wien\/fr\/wp-content\/uploads\/2015\/01\/1010-Haashaus-150x150.jpg 150w, https:\/\/www.tourguide.wien\/fr\/wp-content\/uploads\/2015\/01\/1010-Haashaus-300x300.jpg 300w, https:\/\/www.tourguide.wien\/fr\/wp-content\/uploads\/2015\/01\/1010-Haashaus.jpg 500w\" sizes=\"(max-width: 150px) 100vw, 150px\" \/><\/a> <a href=\"https:\/\/www.tourguide.wien\/fr\/wp-content\/uploads\/2015\/01\/1010-Peterskirche.jpg\"><img loading=\"lazy\" decoding=\"async\" class=\"alignnone size-thumbnail wp-image-73\" src=\"https:\/\/www.tourguide.wien\/fr\/wp-content\/uploads\/2015\/01\/1010-Peterskirche-150x150.jpg\" alt=\"1010 - Peterskirche\" width=\"150\" height=\"150\" srcset=\"https:\/\/www.tourguide.wien\/fr\/wp-content\/uploads\/2015\/01\/1010-Peterskirche-150x150.jpg 150w, https:\/\/www.tourguide.wien\/fr\/wp-content\/uploads\/2015\/01\/1010-Peterskirche-300x300.jpg 300w, https:\/\/www.tourguide.wien\/fr\/wp-content\/uploads\/2015\/01\/1010-Peterskirche.jpg 500w\" sizes=\"(max-width: 150px) 100vw, 150px\" \/><\/a> <a href=\"https:\/\/www.tourguide.wien\/fr\/wp-content\/uploads\/2015\/01\/1010-Stallburg.jpg\"><img loading=\"lazy\" decoding=\"async\" class=\"alignnone size-thumbnail wp-image-120\" src=\"https:\/\/www.tourguide.wien\/fr\/wp-content\/uploads\/2015\/01\/1010-Stallburg-150x150.jpg\" alt=\"1010 - Stallburg\" width=\"150\" height=\"150\" srcset=\"https:\/\/www.tourguide.wien\/fr\/wp-content\/uploads\/2015\/01\/1010-Stallburg-150x150.jpg 150w, https:\/\/www.tourguide.wien\/fr\/wp-content\/uploads\/2015\/01\/1010-Stallburg-300x300.jpg 300w, https:\/\/www.tourguide.wien\/fr\/wp-content\/uploads\/2015\/01\/1010-Stallburg.jpg 500w\" sizes=\"(max-width: 150px) 100vw, 150px\" \/><\/a> <a href=\"https:\/\/www.tourguide.wien\/fr\/wp-content\/uploads\/2015\/01\/1010-Michaelertor.jpg\"><img loading=\"lazy\" decoding=\"async\" class=\"alignnone size-thumbnail wp-image-119\" src=\"https:\/\/www.tourguide.wien\/fr\/wp-content\/uploads\/2015\/01\/1010-Michaelertor-150x150.jpg\" alt=\"1010 - Michaelertor\" width=\"150\" height=\"150\" srcset=\"https:\/\/www.tourguide.wien\/fr\/wp-content\/uploads\/2015\/01\/1010-Michaelertor-150x150.jpg 150w, https:\/\/www.tourguide.wien\/fr\/wp-content\/uploads\/2015\/01\/1010-Michaelertor-300x300.jpg 300w, https:\/\/www.tourguide.wien\/fr\/wp-content\/uploads\/2015\/01\/1010-Michaelertor.jpg 500w\" sizes=\"(max-width: 150px) 100vw, 150px\" \/><\/a> <a href=\"https:\/\/www.tourguide.wien\/fr\/wp-content\/uploads\/2015\/01\/1010-Michaelerdurchgang.jpg\"><img loading=\"lazy\" decoding=\"async\" class=\"alignnone size-thumbnail wp-image-118\" src=\"https:\/\/www.tourguide.wien\/fr\/wp-content\/uploads\/2015\/01\/1010-Michaelerdurchgang-150x150.jpg\" alt=\"1010 - Michaelerdurchgang\" width=\"150\" height=\"150\" srcset=\"https:\/\/www.tourguide.wien\/fr\/wp-content\/uploads\/2015\/01\/1010-Michaelerdurchgang-150x150.jpg 150w, https:\/\/www.tourguide.wien\/fr\/wp-content\/uploads\/2015\/01\/1010-Michaelerdurchgang-300x300.jpg 300w, https:\/\/www.tourguide.wien\/fr\/wp-content\/uploads\/2015\/01\/1010-Michaelerdurchgang.jpg 500w\" sizes=\"(max-width: 150px) 100vw, 150px\" \/><\/a> <a href=\"https:\/\/www.tourguide.wien\/fr\/wp-content\/uploads\/2015\/01\/1010-Josefsplatz.jpg\"><img loading=\"lazy\" decoding=\"async\" class=\"alignnone size-thumbnail wp-image-122\" src=\"https:\/\/www.tourguide.wien\/fr\/wp-content\/uploads\/2015\/01\/1010-Josefsplatz-150x150.jpg\" alt=\"1010 - Josefsplatz\" width=\"150\" height=\"150\" srcset=\"https:\/\/www.tourguide.wien\/fr\/wp-content\/uploads\/2015\/01\/1010-Josefsplatz-150x150.jpg 150w, https:\/\/www.tourguide.wien\/fr\/wp-content\/uploads\/2015\/01\/1010-Josefsplatz-300x300.jpg 300w, https:\/\/www.tourguide.wien\/fr\/wp-content\/uploads\/2015\/01\/1010-Josefsplatz.jpg 500w\" sizes=\"(max-width: 150px) 100vw, 150px\" \/><\/a> <a href=\"https:\/\/www.tourguide.wien\/fr\/wp-content\/uploads\/2015\/01\/1010-Albertinaplatz.jpg\"><img loading=\"lazy\" decoding=\"async\" class=\"alignnone size-thumbnail wp-image-71\" src=\"https:\/\/www.tourguide.wien\/fr\/wp-content\/uploads\/2015\/01\/1010-Albertinaplatz-150x150.jpg\" alt=\"1010 - Albertinaplatz\" width=\"150\" height=\"150\" srcset=\"https:\/\/www.tourguide.wien\/fr\/wp-content\/uploads\/2015\/01\/1010-Albertinaplatz-150x150.jpg 150w, https:\/\/www.tourguide.wien\/fr\/wp-content\/uploads\/2015\/01\/1010-Albertinaplatz-300x300.jpg 300w, https:\/\/www.tourguide.wien\/fr\/wp-content\/uploads\/2015\/01\/1010-Albertinaplatz.jpg 500w\" sizes=\"(max-width: 150px) 100vw, 150px\" \/><\/a><\/p>\n","protected":false},"excerpt":{"rendered":"<p>Cette promenade d\u00b4environ 2 heures vous propose de d\u00e9couvrir le centre historique de Vienne avec les monuments les plus importants comme par exemple l\u00b4ancienne r\u00e9sidence de la famille Habsbourg, le Palais imp\u00e9rial (Hofburg), qui abrite \u2013 entre autre \u2013 le tr\u00e9sor imp\u00e9rial autant que les \u00e9tables des \u00ab Lipizzans \u00bb,\u00a0 les chevaux blancs qui sont [&hellip;]<\/p>\n","protected":false},"author":1,"featured_media":0,"parent":0,"menu_order":0,"comment_status":"closed","ping_status":"closed","template":"","meta":{"ngg_post_thumbnail":0,"footnotes":""},"class_list":["post-53","page","type-page","status-publish","hentry"],"_links":{"self":[{"href":"https:\/\/www.tourguide.wien\/fr\/wp-json\/wp\/v2\/pages\/53"}],"collection":[{"href":"https:\/\/www.tourguide.wien\/fr\/wp-json\/wp\/v2\/pages"}],"about":[{"href":"https:\/\/www.tourguide.wien\/fr\/wp-json\/wp\/v2\/types\/page"}],"author":[{"embeddable":true,"href":"https:\/\/www.tourguide.wien\/fr\/wp-json\/wp\/v2\/users\/1"}],"replies":[{"embeddable":true,"href":"https:\/\/www.tourguide.wien\/fr\/wp-json\/wp\/v2\/comments?post=53"}],"version-history":[{"count":5,"href":"https:\/\/www.tourguide.wien\/fr\/wp-json\/wp\/v2\/pages\/53\/revisions"}],"predecessor-version":[{"id":137,"href":"https:\/\/www.tourguide.wien\/fr\/wp-json\/wp\/v2\/pages\/53\/revisions\/137"}],"wp:attachment":[{"href":"https:\/\/www.tourguide.wien\/fr\/wp-json\/wp\/v2\/media?parent=53"}],"curies":[{"name":"wp","href":"https:\/\/api.w.org\/{rel}","templated":true}]}}