{"id":50,"date":"2015-01-13T07:59:14","date_gmt":"2015-01-13T07:59:14","guid":{"rendered":"http:\/\/www.tourguide.wien\/fr\/?page_id=50"},"modified":"2024-07-23T10:09:08","modified_gmt":"2024-07-23T10:09:08","slug":"tarifs","status":"publish","type":"page","link":"https:\/\/www.tourguide.wien\/fr\/tarifs\/","title":{"rendered":"tarifs"},"content":{"rendered":"<p>Demi-journ\u00e9e (1-25 pax): \u20ac 264,00 TVA inclus (\u20ac 220,00 net)<\/p>\n<p>Heure suppl\u00e9mentaire (m\u00eame si seulement commenc\u00e9e) : \u20ac 108,00 TVA inclus (\u20ac 90,00 net)<\/p>\n<p>Tarif autocar et prix d\u00b4entr\u00e9es ne sont pas inclus!<\/p>\n<p>Demi-journ\u00e9e = max. 3 heures \u00e0 Vienne (combinaison promenade et tour panoramique en autocar) OU max. 2 heures \u00e0 pied \u00e0 Vienne OU max. 4 heures environ de Vienne (combinaison promenade et tour panoramique en autocar).<\/p>\n","protected":false},"excerpt":{"rendered":"<p>Demi-journ\u00e9e (1-25 pax): \u20ac 264,00 TVA inclus (\u20ac 220,00 net) Heure suppl\u00e9mentaire (m\u00eame si seulement commenc\u00e9e) : \u20ac 108,00 TVA inclus (\u20ac 90,00 net) Tarif autocar et prix d\u00b4entr\u00e9es ne sont pas inclus! Demi-journ\u00e9e = max. 3 heures \u00e0 Vienne (combinaison promenade et tour panoramique en autocar) OU max. 2 heures \u00e0 pied \u00e0 Vienne [&hellip;]<\/p>\n","protected":false},"author":1,"featured_media":0,"parent":0,"menu_order":0,"comment_status":"closed","ping_status":"closed","template":"","meta":{"ngg_post_thumbnail":0,"footnotes":""},"class_list":["post-50","page","type-page","status-publish","hentry"],"_links":{"self":[{"href":"https:\/\/www.tourguide.wien\/fr\/wp-json\/wp\/v2\/pages\/50"}],"collection":[{"href":"https:\/\/www.tourguide.wien\/fr\/wp-json\/wp\/v2\/pages"}],"about":[{"href":"https:\/\/www.tourguide.wien\/fr\/wp-json\/wp\/v2\/types\/page"}],"author":[{"embeddable":true,"href":"https:\/\/www.tourguide.wien\/fr\/wp-json\/wp\/v2\/users\/1"}],"replies":[{"embeddable":true,"href":"https:\/\/www.tourguide.wien\/fr\/wp-json\/wp\/v2\/comments?post=50"}],"version-history":[{"count":13,"href":"https:\/\/www.tourguide.wien\/fr\/wp-json\/wp\/v2\/pages\/50\/revisions"}],"predecessor-version":[{"id":178,"href":"https:\/\/www.tourguide.wien\/fr\/wp-json\/wp\/v2\/pages\/50\/revisions\/178"}],"wp:attachment":[{"href":"https:\/\/www.tourguide.wien\/fr\/wp-json\/wp\/v2\/media?parent=50"}],"curies":[{"name":"wp","href":"https:\/\/api.w.org\/{rel}","templated":true}]}}