{"id":45,"date":"2015-01-13T07:54:41","date_gmt":"2015-01-13T07:54:41","guid":{"rendered":"http:\/\/www.tourguide.wien\/fr\/?page_id=45"},"modified":"2015-01-21T11:23:41","modified_gmt":"2015-01-21T11:23:41","slug":"anna","status":"publish","type":"page","link":"https:\/\/www.tourguide.wien\/fr\/anna\/","title":{"rendered":"Anna Maria Geisler"},"content":{"rendered":"<p>Je suis n\u00e9e et j\u00b4ai grandi en Bavi\u00e8re. De nombreuses vacances \u00e0 Vienne, ville natale de mon p\u00e8re, m\u00b4ont d\u00e9j\u00e0 rendue tr\u00e8s t\u00f4t amoureuse de cette ville extraordinaire. Il y a 10 ans, j\u00b4ai d\u00e9cid\u00e9 de d\u00e9m\u00e9nager \u00e0 Vienne et jusqu\u00b4\u00e0 ce jour je n\u00b4ai jamais regrett\u00e9 cette d\u00e9cision.<br \/>\nVenez avec moi sur un de mes tours et laissez-vous enchanter par le charme imp\u00e9rial et en m\u00eame temps moderne de cette ville. Partagez ma passion pour Vienne!<\/p>\n<p>Je me r\u00e9jouis d\u00e9j\u00e0 de vous rencontrer!<\/p>\n<p><img loading=\"lazy\" decoding=\"async\" class=\" size-thumbnail wp-image-97 aligncenter\" src=\"https:\/\/www.tourguide.wien\/fr\/wp-content\/uploads\/2015\/01\/austriaguides-Geisler-150x150.jpg\" alt=\"austriaguides-Geisler\" width=\"150\" height=\"150\" srcset=\"https:\/\/www.tourguide.wien\/fr\/wp-content\/uploads\/2015\/01\/austriaguides-Geisler-150x150.jpg 150w, https:\/\/www.tourguide.wien\/fr\/wp-content\/uploads\/2015\/01\/austriaguides-Geisler.jpg 200w\" sizes=\"(max-width: 150px) 100vw, 150px\" \/><\/p>\n<p>Contactez-nous: anna.geisler(at)tourguide.wien<\/p>\n","protected":false},"excerpt":{"rendered":"<p>Je suis n\u00e9e et j\u00b4ai grandi en Bavi\u00e8re. De nombreuses vacances \u00e0 Vienne, ville natale de mon p\u00e8re, m\u00b4ont d\u00e9j\u00e0 rendue tr\u00e8s t\u00f4t amoureuse de cette ville extraordinaire. Il y a 10 ans, j\u00b4ai d\u00e9cid\u00e9 de d\u00e9m\u00e9nager \u00e0 Vienne et jusqu\u00b4\u00e0 ce jour je n\u00b4ai jamais regrett\u00e9 cette d\u00e9cision. Venez avec moi sur un de [&hellip;]<\/p>\n","protected":false},"author":1,"featured_media":0,"parent":0,"menu_order":0,"comment_status":"closed","ping_status":"closed","template":"","meta":{"ngg_post_thumbnail":0,"footnotes":""},"class_list":["post-45","page","type-page","status-publish","hentry"],"_links":{"self":[{"href":"https:\/\/www.tourguide.wien\/fr\/wp-json\/wp\/v2\/pages\/45"}],"collection":[{"href":"https:\/\/www.tourguide.wien\/fr\/wp-json\/wp\/v2\/pages"}],"about":[{"href":"https:\/\/www.tourguide.wien\/fr\/wp-json\/wp\/v2\/types\/page"}],"author":[{"embeddable":true,"href":"https:\/\/www.tourguide.wien\/fr\/wp-json\/wp\/v2\/users\/1"}],"replies":[{"embeddable":true,"href":"https:\/\/www.tourguide.wien\/fr\/wp-json\/wp\/v2\/comments?post=45"}],"version-history":[{"count":7,"href":"https:\/\/www.tourguide.wien\/fr\/wp-json\/wp\/v2\/pages\/45\/revisions"}],"predecessor-version":[{"id":134,"href":"https:\/\/www.tourguide.wien\/fr\/wp-json\/wp\/v2\/pages\/45\/revisions\/134"}],"wp:attachment":[{"href":"https:\/\/www.tourguide.wien\/fr\/wp-json\/wp\/v2\/media?parent=45"}],"curies":[{"name":"wp","href":"https:\/\/api.w.org\/{rel}","templated":true}]}}