{"id":43,"date":"2015-01-13T07:53:18","date_gmt":"2015-01-13T07:53:18","guid":{"rendered":"http:\/\/www.tourguide.wien\/fr\/?page_id=43"},"modified":"2015-01-13T09:14:42","modified_gmt":"2015-01-13T09:14:42","slug":"christina","status":"publish","type":"page","link":"https:\/\/www.tourguide.wien\/fr\/christina\/","title":{"rendered":"Christina Haschke"},"content":{"rendered":"<p>N\u00e9e et grandi \u00e0 Vienne \u2013 je suis tomb\u00e9e amoureuse de cette ville qui se pr\u00e9sente toujours d\u00b4une mani\u00e8re diff\u00e9rente, comme aucune autre ville. Quand m\u00eame je voulais conna\u00eetre le savoir-vivre d\u00b4un autre pays et am\u00e9liorer mes connaissances des langues, j\u00b4ai pass\u00e9e presque deux ans en France (\u00e0 Lyon et \u00e0 Paris).<\/p>\n<p>Puisque je me suis tourjours int\u00e9ress\u00e9e par l\u00b4art, par l\u00b4architecture, par la culture et par les langues, je serais contente de vous enthousiasmer pour Vienne et vous \u00e9tonner en racontant des histoires du temps pass\u00e9.<\/p>\n<p>M\u00eame si vous \u00eates d\u00e9j\u00e0 venus \u00e0 Vienne \u2013 il y a tourjours l\u00b4inconnu \u00e0 d\u00e9couvrir et je serais ravie de vous accompagner \u00e0 la d\u00e9couverte!<\/p>\n<p><img loading=\"lazy\" decoding=\"async\" class=\" size-thumbnail wp-image-99 aligncenter\" src=\"https:\/\/www.tourguide.wien\/fr\/wp-content\/uploads\/2015\/01\/austriaguides-Haschke-150x150.jpg\" alt=\"austriaguides-Haschke\" width=\"150\" height=\"150\" srcset=\"https:\/\/www.tourguide.wien\/fr\/wp-content\/uploads\/2015\/01\/austriaguides-Haschke-150x150.jpg 150w, https:\/\/www.tourguide.wien\/fr\/wp-content\/uploads\/2015\/01\/austriaguides-Haschke.jpg 265w\" sizes=\"(max-width: 150px) 100vw, 150px\" \/><\/p>\n<p>Contactez-nous: christina.haschke(at)tourguide.wien<\/p>\n","protected":false},"excerpt":{"rendered":"<p>N\u00e9e et grandi \u00e0 Vienne \u2013 je suis tomb\u00e9e amoureuse de cette ville qui se pr\u00e9sente toujours d\u00b4une mani\u00e8re diff\u00e9rente, comme aucune autre ville. Quand m\u00eame je voulais conna\u00eetre le savoir-vivre d\u00b4un autre pays et am\u00e9liorer mes connaissances des langues, j\u00b4ai pass\u00e9e presque deux ans en France (\u00e0 Lyon et \u00e0 Paris). Puisque je me [&hellip;]<\/p>\n","protected":false},"author":1,"featured_media":0,"parent":0,"menu_order":0,"comment_status":"closed","ping_status":"closed","template":"","meta":{"ngg_post_thumbnail":0,"footnotes":""},"class_list":["post-43","page","type-page","status-publish","hentry"],"_links":{"self":[{"href":"https:\/\/www.tourguide.wien\/fr\/wp-json\/wp\/v2\/pages\/43"}],"collection":[{"href":"https:\/\/www.tourguide.wien\/fr\/wp-json\/wp\/v2\/pages"}],"about":[{"href":"https:\/\/www.tourguide.wien\/fr\/wp-json\/wp\/v2\/types\/page"}],"author":[{"embeddable":true,"href":"https:\/\/www.tourguide.wien\/fr\/wp-json\/wp\/v2\/users\/1"}],"replies":[{"embeddable":true,"href":"https:\/\/www.tourguide.wien\/fr\/wp-json\/wp\/v2\/comments?post=43"}],"version-history":[{"count":2,"href":"https:\/\/www.tourguide.wien\/fr\/wp-json\/wp\/v2\/pages\/43\/revisions"}],"predecessor-version":[{"id":100,"href":"https:\/\/www.tourguide.wien\/fr\/wp-json\/wp\/v2\/pages\/43\/revisions\/100"}],"wp:attachment":[{"href":"https:\/\/www.tourguide.wien\/fr\/wp-json\/wp\/v2\/media?parent=43"}],"curies":[{"name":"wp","href":"https:\/\/api.w.org\/{rel}","templated":true}]}}