{"id":29,"date":"2015-01-13T07:35:16","date_gmt":"2015-01-13T07:35:16","guid":{"rendered":"http:\/\/www.tourguide.wien\/fr\/?page_id=29"},"modified":"2015-01-13T08:00:42","modified_gmt":"2015-01-13T08:00:42","slug":"offre","status":"publish","type":"page","link":"https:\/\/www.tourguide.wien\/fr\/offre\/","title":{"rendered":"Notre offre"},"content":{"rendered":"<p>Nous proposons des promenades \u00e0 pied, des tours panoramiques et \u00e9galement des visites guid\u00e9es dans les mus\u00e9es et ch\u00e2teaux \u00e0 Vienne et ses alentours. Nos tours se concentrent sur une grande vari\u00e9t\u00e9 de\u00a0 sujets et nous sommes s\u00fbrs que vous y trouverez une visite correspondant \u00e0 vos d\u00e9sirs.<\/p>\n<p>Si vous \u00eates \u00e0 Vienne pour la premi\u00e8re fois, un tour classique comme \u00ab Le centre historique \u2013 L\u00b4essentiel \u00bb serait peut-\u00eatre le bon choix pour vous. Si vous avez d\u00e9j\u00e0 \u00e9t\u00e9 \u00e0 Vienne vous trouverez \u00e9galement des propositions pour des visites qui mettent en relief des th\u00e8mes plus sp\u00e9cifiques.<\/p>\n<p>Mais bien s\u00fbr, si vous avez vos propres id\u00e9es, merci de nous les communiquer et nous allons \u00e9laborer un programme individuel selon vos d\u00e9sirs.<\/p>\n<p>Nous pouvons d\u00e9couvrir Vienne \u00e0 pied, avec les transports en commun ou nous pouvons rejoindre votre autocar. Si vous ne voyagez pas avec votre propre autocar nous pouvons vous aider \u00e0 trouver l\u00b4autocar appropri\u00e9.<\/p>\n<p>Vous trouverez nos tarifs <a title=\"tarifs\" href=\"https:\/\/www.tourguide.wien\/fr\/tarifs\/\">ici<\/a>.<\/p>\n","protected":false},"excerpt":{"rendered":"<p>Nous proposons des promenades \u00e0 pied, des tours panoramiques et \u00e9galement des visites guid\u00e9es dans les mus\u00e9es et ch\u00e2teaux \u00e0 Vienne et ses alentours. Nos tours se concentrent sur une grande vari\u00e9t\u00e9 de\u00a0 sujets et nous sommes s\u00fbrs que vous y trouverez une visite correspondant \u00e0 vos d\u00e9sirs. Si vous \u00eates \u00e0 Vienne pour la [&hellip;]<\/p>\n","protected":false},"author":1,"featured_media":0,"parent":0,"menu_order":0,"comment_status":"closed","ping_status":"closed","template":"","meta":{"ngg_post_thumbnail":0,"footnotes":""},"class_list":["post-29","page","type-page","status-publish","hentry"],"_links":{"self":[{"href":"https:\/\/www.tourguide.wien\/fr\/wp-json\/wp\/v2\/pages\/29"}],"collection":[{"href":"https:\/\/www.tourguide.wien\/fr\/wp-json\/wp\/v2\/pages"}],"about":[{"href":"https:\/\/www.tourguide.wien\/fr\/wp-json\/wp\/v2\/types\/page"}],"author":[{"embeddable":true,"href":"https:\/\/www.tourguide.wien\/fr\/wp-json\/wp\/v2\/users\/1"}],"replies":[{"embeddable":true,"href":"https:\/\/www.tourguide.wien\/fr\/wp-json\/wp\/v2\/comments?post=29"}],"version-history":[{"count":2,"href":"https:\/\/www.tourguide.wien\/fr\/wp-json\/wp\/v2\/pages\/29\/revisions"}],"predecessor-version":[{"id":52,"href":"https:\/\/www.tourguide.wien\/fr\/wp-json\/wp\/v2\/pages\/29\/revisions\/52"}],"wp:attachment":[{"href":"https:\/\/www.tourguide.wien\/fr\/wp-json\/wp\/v2\/media?parent=29"}],"curies":[{"name":"wp","href":"https:\/\/api.w.org\/{rel}","templated":true}]}}