{"id":27,"date":"2015-01-13T07:34:56","date_gmt":"2015-01-13T07:34:56","guid":{"rendered":"http:\/\/www.tourguide.wien\/fr\/?page_id=27"},"modified":"2015-05-20T10:57:12","modified_gmt":"2015-05-20T10:57:12","slug":"savoir","status":"publish","type":"page","link":"https:\/\/www.tourguide.wien\/fr\/savoir\/","title":{"rendered":"Bon \u00e0 savoir"},"content":{"rendered":"<p>Qui vient \u00e0 Vienne ne sera pas d\u00e9\u00e7u. Vienne a beaucoup d\u00b4attraits pour chaque \u00e2ge, chaque go\u00fbt et chaque budget. En plus de tous les sites touristiques classiques et une grande vie culturelle et artistique dans la ville, les environs de Vienne offrent \u00e9galement un large \u00e9ventail d\u00b4activit\u00e9s de loisir et culture.<\/p>\n<p>Ici, nous voudrions vous fournir des suggestions pour des excursions et attirer votre attention \u00e0 des \u00e9v\u00e9nements culturels courants et d\u00b4ordinaire gratuits, que probablement vous ne saurez pas trouv\u00e9 sans l\u00b4aide d\u00b4un initi\u00e9.<br \/>\n<a href=\"https:\/\/www.tourguide.wien\/fr\/wp-content\/uploads\/2015\/01\/1010-Johann-Strauss-Denkmal.jpg\"><img loading=\"lazy\" decoding=\"async\" class=\"alignnone size-thumbnail wp-image-138\" src=\"https:\/\/www.tourguide.wien\/fr\/wp-content\/uploads\/2015\/01\/1010-Johann-Strauss-Denkmal-150x150.jpg\" alt=\"1010 - Johann Strauss Denkmal\" width=\"150\" height=\"150\" srcset=\"https:\/\/www.tourguide.wien\/fr\/wp-content\/uploads\/2015\/01\/1010-Johann-Strauss-Denkmal-150x150.jpg 150w, https:\/\/www.tourguide.wien\/fr\/wp-content\/uploads\/2015\/01\/1010-Johann-Strauss-Denkmal-300x300.jpg 300w, https:\/\/www.tourguide.wien\/fr\/wp-content\/uploads\/2015\/01\/1010-Johann-Strauss-Denkmal.jpg 500w\" sizes=\"(max-width: 150px) 100vw, 150px\" \/><\/a> <a href=\"https:\/\/www.tourguide.wien\/fr\/wp-content\/uploads\/2015\/01\/1010-Maria-Theresien-Denkmal.jpg\"><img loading=\"lazy\" decoding=\"async\" class=\"alignnone size-thumbnail wp-image-139\" src=\"https:\/\/www.tourguide.wien\/fr\/wp-content\/uploads\/2015\/01\/1010-Maria-Theresien-Denkmal-150x150.jpg\" alt=\"1010 - Maria Theresien Denkmal\" width=\"150\" height=\"150\" srcset=\"https:\/\/www.tourguide.wien\/fr\/wp-content\/uploads\/2015\/01\/1010-Maria-Theresien-Denkmal-150x150.jpg 150w, https:\/\/www.tourguide.wien\/fr\/wp-content\/uploads\/2015\/01\/1010-Maria-Theresien-Denkmal-300x300.jpg 300w, https:\/\/www.tourguide.wien\/fr\/wp-content\/uploads\/2015\/01\/1010-Maria-Theresien-Denkmal.jpg 500w\" sizes=\"(max-width: 150px) 100vw, 150px\" \/><\/a> <a href=\"https:\/\/www.tourguide.wien\/fr\/wp-content\/uploads\/2015\/01\/1090-Votivkirche-3.jpg\"><img loading=\"lazy\" decoding=\"async\" class=\"alignnone size-thumbnail wp-image-140\" src=\"https:\/\/www.tourguide.wien\/fr\/wp-content\/uploads\/2015\/01\/1090-Votivkirche-3-150x150.jpg\" alt=\"1090 - Votivkirche 3\" width=\"150\" height=\"150\" srcset=\"https:\/\/www.tourguide.wien\/fr\/wp-content\/uploads\/2015\/01\/1090-Votivkirche-3-150x150.jpg 150w, https:\/\/www.tourguide.wien\/fr\/wp-content\/uploads\/2015\/01\/1090-Votivkirche-3-300x300.jpg 300w, https:\/\/www.tourguide.wien\/fr\/wp-content\/uploads\/2015\/01\/1090-Votivkirche-3.jpg 500w\" sizes=\"(max-width: 150px) 100vw, 150px\" \/><\/a> <a href=\"https:\/\/www.tourguide.wien\/fr\/wp-content\/uploads\/2015\/01\/1190-Blick-ins-Mukenthal.jpg\"><img loading=\"lazy\" decoding=\"async\" class=\"alignnone size-thumbnail wp-image-141\" src=\"https:\/\/www.tourguide.wien\/fr\/wp-content\/uploads\/2015\/01\/1190-Blick-ins-Mukenthal-150x150.jpg\" alt=\"1190 - Blick ins Mukenthal\" width=\"150\" height=\"150\" srcset=\"https:\/\/www.tourguide.wien\/fr\/wp-content\/uploads\/2015\/01\/1190-Blick-ins-Mukenthal-150x150.jpg 150w, https:\/\/www.tourguide.wien\/fr\/wp-content\/uploads\/2015\/01\/1190-Blick-ins-Mukenthal-300x300.jpg 300w, https:\/\/www.tourguide.wien\/fr\/wp-content\/uploads\/2015\/01\/1190-Blick-ins-Mukenthal.jpg 500w\" sizes=\"(max-width: 150px) 100vw, 150px\" \/><\/a> <a href=\"https:\/\/www.tourguide.wien\/fr\/wp-content\/uploads\/2015\/01\/1220-IZD-Tower.jpg\"><img loading=\"lazy\" decoding=\"async\" class=\"alignnone size-thumbnail wp-image-142\" src=\"https:\/\/www.tourguide.wien\/fr\/wp-content\/uploads\/2015\/01\/1220-IZD-Tower-150x150.jpg\" alt=\"1220 - IZD-Tower\" width=\"150\" height=\"150\" srcset=\"https:\/\/www.tourguide.wien\/fr\/wp-content\/uploads\/2015\/01\/1220-IZD-Tower-150x150.jpg 150w, https:\/\/www.tourguide.wien\/fr\/wp-content\/uploads\/2015\/01\/1220-IZD-Tower-300x300.jpg 300w, https:\/\/www.tourguide.wien\/fr\/wp-content\/uploads\/2015\/01\/1220-IZD-Tower.jpg 500w\" sizes=\"(max-width: 150px) 100vw, 150px\" \/><\/a><\/p>\n<p>Lien pour plus d\u00b4information sur internet:<br \/>\n<a href=\"https:\/\/www.wien.info\/fr\/\" target=\"_blank\">l\u2019Office de Tourisme de Vienne<\/a><br \/>\n<a href=\"https:\/\/ringview.vienna.info\/fr\/\" target=\"_blank\">Vienna Ring View &#8211; un voyage interactif autour de la Ringstra\u00dfe de Vienne<\/a><\/p>\n","protected":false},"excerpt":{"rendered":"<p>Qui vient \u00e0 Vienne ne sera pas d\u00e9\u00e7u. Vienne a beaucoup d\u00b4attraits pour chaque \u00e2ge, chaque go\u00fbt et chaque budget. En plus de tous les sites touristiques classiques et une grande vie culturelle et artistique dans la ville, les environs de Vienne offrent \u00e9galement un large \u00e9ventail d\u00b4activit\u00e9s de loisir et culture. Ici, nous voudrions [&hellip;]<\/p>\n","protected":false},"author":1,"featured_media":0,"parent":0,"menu_order":0,"comment_status":"closed","ping_status":"closed","template":"","meta":{"ngg_post_thumbnail":0,"footnotes":""},"class_list":["post-27","page","type-page","status-publish","hentry"],"_links":{"self":[{"href":"https:\/\/www.tourguide.wien\/fr\/wp-json\/wp\/v2\/pages\/27"}],"collection":[{"href":"https:\/\/www.tourguide.wien\/fr\/wp-json\/wp\/v2\/pages"}],"about":[{"href":"https:\/\/www.tourguide.wien\/fr\/wp-json\/wp\/v2\/types\/page"}],"author":[{"embeddable":true,"href":"https:\/\/www.tourguide.wien\/fr\/wp-json\/wp\/v2\/users\/1"}],"replies":[{"embeddable":true,"href":"https:\/\/www.tourguide.wien\/fr\/wp-json\/wp\/v2\/comments?post=27"}],"version-history":[{"count":5,"href":"https:\/\/www.tourguide.wien\/fr\/wp-json\/wp\/v2\/pages\/27\/revisions"}],"predecessor-version":[{"id":147,"href":"https:\/\/www.tourguide.wien\/fr\/wp-json\/wp\/v2\/pages\/27\/revisions\/147"}],"wp:attachment":[{"href":"https:\/\/www.tourguide.wien\/fr\/wp-json\/wp\/v2\/media?parent=27"}],"curies":[{"name":"wp","href":"https:\/\/api.w.org\/{rel}","templated":true}]}}