{"id":24,"date":"2015-01-13T07:26:21","date_gmt":"2015-01-13T07:26:21","guid":{"rendered":"http:\/\/www.tourguide.wien\/fr\/?page_id=24"},"modified":"2015-01-16T11:10:43","modified_gmt":"2015-01-16T11:10:43","slug":"bienvenue","status":"publish","type":"page","link":"https:\/\/www.tourguide.wien\/fr\/","title":{"rendered":"Bienvenue \u00e0 Vienne!"},"content":{"rendered":"<p>&#8230;et bienvenue sur notre site Internet o\u00f9 nous voudrions vous pr\u00e9senter nos services.<\/p>\n<p>Vous voulez visiter Vienne et ses environs ? Nous sommes s\u00fbrs que vous allez trouver beaucoup d\u00b4informations utiles sur notre site.<\/p>\n<p>Par contre, si vous voulez de plus participer \u00e0 un tour avec une guide dipl\u00f4m\u00e9e qui conna\u00eet cette ville et son histoire avec tous ses secrets par c\u0153ur, contactez-nous. Nous nous r\u00e9jouissons de vous accompagner pendant une visite guid\u00e9e inoubliable dans notre ville magnifique.<\/p>\n<p>Tr\u00e8s cordialement,<br \/>\nVos guides dipl\u00f4m\u00e9s de Vienne \u2013 <em>vos<\/em> sp\u00e9cialistes pour <em>votre<\/em> s\u00e9jour \u00e0 Vienne<\/p>\n<p><img loading=\"lazy\" decoding=\"async\" class=\"alignnone size-thumbnail wp-image-75\" src=\"https:\/\/www.tourguide.wien\/fr\/wp-content\/uploads\/2015\/01\/1010-Gipsdepot-in-der-Hofburg-150x150.jpg\" alt=\"1010 - Gipsdepot in der Hofburg\" width=\"150\" height=\"150\" srcset=\"https:\/\/www.tourguide.wien\/fr\/wp-content\/uploads\/2015\/01\/1010-Gipsdepot-in-der-Hofburg-150x150.jpg 150w, https:\/\/www.tourguide.wien\/fr\/wp-content\/uploads\/2015\/01\/1010-Gipsdepot-in-der-Hofburg-300x300.jpg 300w, https:\/\/www.tourguide.wien\/fr\/wp-content\/uploads\/2015\/01\/1010-Gipsdepot-in-der-Hofburg.jpg 500w\" sizes=\"(max-width: 150px) 100vw, 150px\" \/>\u00a0<img loading=\"lazy\" decoding=\"async\" class=\"alignnone size-thumbnail wp-image-105\" src=\"https:\/\/www.tourguide.wien\/fr\/wp-content\/uploads\/2015\/01\/1010-Rathausplatz-150x150.jpg\" alt=\"1010 - Rathausplatz\" width=\"150\" height=\"150\" srcset=\"https:\/\/www.tourguide.wien\/fr\/wp-content\/uploads\/2015\/01\/1010-Rathausplatz-150x150.jpg 150w, https:\/\/www.tourguide.wien\/fr\/wp-content\/uploads\/2015\/01\/1010-Rathausplatz-300x300.jpg 300w, https:\/\/www.tourguide.wien\/fr\/wp-content\/uploads\/2015\/01\/1010-Rathausplatz.jpg 500w\" sizes=\"(max-width: 150px) 100vw, 150px\" \/>\u00a0<img loading=\"lazy\" decoding=\"async\" class=\"alignnone size-thumbnail wp-image-104\" src=\"https:\/\/www.tourguide.wien\/fr\/wp-content\/uploads\/2015\/01\/1010-Mozartdenkmal-150x150.jpg\" alt=\"1010 - Mozartdenkmal\" width=\"150\" height=\"150\" srcset=\"https:\/\/www.tourguide.wien\/fr\/wp-content\/uploads\/2015\/01\/1010-Mozartdenkmal-150x150.jpg 150w, https:\/\/www.tourguide.wien\/fr\/wp-content\/uploads\/2015\/01\/1010-Mozartdenkmal-300x300.jpg 300w, https:\/\/www.tourguide.wien\/fr\/wp-content\/uploads\/2015\/01\/1010-Mozartdenkmal.jpg 500w\" sizes=\"(max-width: 150px) 100vw, 150px\" \/> <img loading=\"lazy\" decoding=\"async\" class=\"alignnone size-thumbnail wp-image-77\" src=\"https:\/\/www.tourguide.wien\/fr\/wp-content\/uploads\/2015\/01\/1030-Belvederegarten-150x150.jpg\" alt=\"1030 - Belvederegarten\" width=\"150\" height=\"150\" srcset=\"https:\/\/www.tourguide.wien\/fr\/wp-content\/uploads\/2015\/01\/1030-Belvederegarten-150x150.jpg 150w, https:\/\/www.tourguide.wien\/fr\/wp-content\/uploads\/2015\/01\/1030-Belvederegarten-300x300.jpg 300w, https:\/\/www.tourguide.wien\/fr\/wp-content\/uploads\/2015\/01\/1030-Belvederegarten.jpg 500w\" sizes=\"(max-width: 150px) 100vw, 150px\" \/> <img loading=\"lazy\" decoding=\"async\" class=\"alignnone size-thumbnail wp-image-78\" src=\"https:\/\/www.tourguide.wien\/fr\/wp-content\/uploads\/2015\/01\/1040-Karlskirche-150x150.jpg\" alt=\"1040 - Karlskirche\" width=\"150\" height=\"150\" srcset=\"https:\/\/www.tourguide.wien\/fr\/wp-content\/uploads\/2015\/01\/1040-Karlskirche-150x150.jpg 150w, https:\/\/www.tourguide.wien\/fr\/wp-content\/uploads\/2015\/01\/1040-Karlskirche-300x300.jpg 300w, https:\/\/www.tourguide.wien\/fr\/wp-content\/uploads\/2015\/01\/1040-Karlskirche.jpg 500w\" sizes=\"(max-width: 150px) 100vw, 150px\" \/>\u00a0<img loading=\"lazy\" decoding=\"async\" class=\"alignnone size-thumbnail wp-image-80\" src=\"https:\/\/www.tourguide.wien\/fr\/wp-content\/uploads\/2015\/01\/1190-Weintraube-150x150.jpg\" alt=\"1190 - Weintraube\" width=\"150\" height=\"150\" srcset=\"https:\/\/www.tourguide.wien\/fr\/wp-content\/uploads\/2015\/01\/1190-Weintraube-150x150.jpg 150w, https:\/\/www.tourguide.wien\/fr\/wp-content\/uploads\/2015\/01\/1190-Weintraube-300x300.jpg 300w, https:\/\/www.tourguide.wien\/fr\/wp-content\/uploads\/2015\/01\/1190-Weintraube.jpg 500w\" sizes=\"(max-width: 150px) 100vw, 150px\" \/>\u00a0<img loading=\"lazy\" decoding=\"async\" class=\"alignnone size-thumbnail wp-image-79\" src=\"https:\/\/www.tourguide.wien\/fr\/wp-content\/uploads\/2015\/01\/1090-street-art-am-Donaukanal-150x150.jpg\" alt=\"1090 - 'street art' am Donaukanal\" width=\"150\" height=\"150\" srcset=\"https:\/\/www.tourguide.wien\/fr\/wp-content\/uploads\/2015\/01\/1090-street-art-am-Donaukanal-150x150.jpg 150w, https:\/\/www.tourguide.wien\/fr\/wp-content\/uploads\/2015\/01\/1090-street-art-am-Donaukanal-300x300.jpg 300w, https:\/\/www.tourguide.wien\/fr\/wp-content\/uploads\/2015\/01\/1090-street-art-am-Donaukanal.jpg 500w\" sizes=\"(max-width: 150px) 100vw, 150px\" \/> <img loading=\"lazy\" decoding=\"async\" class=\"alignnone size-thumbnail wp-image-76\" src=\"https:\/\/www.tourguide.wien\/fr\/wp-content\/uploads\/2015\/01\/1020-Franz-von-Assisi-Kirche--150x150.jpg\" alt=\"1020 - Franz-von-Assisi-Kirche\" width=\"150\" height=\"150\" srcset=\"https:\/\/www.tourguide.wien\/fr\/wp-content\/uploads\/2015\/01\/1020-Franz-von-Assisi-Kirche--150x150.jpg 150w, https:\/\/www.tourguide.wien\/fr\/wp-content\/uploads\/2015\/01\/1020-Franz-von-Assisi-Kirche--300x300.jpg 300w, https:\/\/www.tourguide.wien\/fr\/wp-content\/uploads\/2015\/01\/1020-Franz-von-Assisi-Kirche-.jpg 500w\" sizes=\"(max-width: 150px) 100vw, 150px\" \/><\/p>\n","protected":false},"excerpt":{"rendered":"<p>&#8230;et bienvenue sur notre site Internet o\u00f9 nous voudrions vous pr\u00e9senter nos services. Vous voulez visiter Vienne et ses environs ? Nous sommes s\u00fbrs que vous allez trouver beaucoup d\u00b4informations utiles sur notre site. Par contre, si vous voulez de plus participer \u00e0 un tour avec une guide dipl\u00f4m\u00e9e qui conna\u00eet cette ville et son [&hellip;]<\/p>\n","protected":false},"author":1,"featured_media":0,"parent":0,"menu_order":0,"comment_status":"closed","ping_status":"closed","template":"","meta":{"ngg_post_thumbnail":0,"footnotes":""},"class_list":["post-24","page","type-page","status-publish","hentry"],"_links":{"self":[{"href":"https:\/\/www.tourguide.wien\/fr\/wp-json\/wp\/v2\/pages\/24"}],"collection":[{"href":"https:\/\/www.tourguide.wien\/fr\/wp-json\/wp\/v2\/pages"}],"about":[{"href":"https:\/\/www.tourguide.wien\/fr\/wp-json\/wp\/v2\/types\/page"}],"author":[{"embeddable":true,"href":"https:\/\/www.tourguide.wien\/fr\/wp-json\/wp\/v2\/users\/1"}],"replies":[{"embeddable":true,"href":"https:\/\/www.tourguide.wien\/fr\/wp-json\/wp\/v2\/comments?post=24"}],"version-history":[{"count":5,"href":"https:\/\/www.tourguide.wien\/fr\/wp-json\/wp\/v2\/pages\/24\/revisions"}],"predecessor-version":[{"id":116,"href":"https:\/\/www.tourguide.wien\/fr\/wp-json\/wp\/v2\/pages\/24\/revisions\/116"}],"wp:attachment":[{"href":"https:\/\/www.tourguide.wien\/fr\/wp-json\/wp\/v2\/media?parent=24"}],"curies":[{"name":"wp","href":"https:\/\/api.w.org\/{rel}","templated":true}]}}