{"id":985,"date":"2018-05-01T09:00:37","date_gmt":"2018-05-01T07:00:37","guid":{"rendered":"http:\/\/www.tourguide.wien\/de\/?page_id=985"},"modified":"2018-05-02T13:05:43","modified_gmt":"2018-05-02T11:05:43","slug":"radtouren_zentralfriedhof","status":"publish","type":"page","link":"https:\/\/www.tourguide.wien\/de\/radtouren_zentralfriedhof\/","title":{"rendered":"Radtouren am Wiener Zentralfriedhof"},"content":{"rendered":"<p>Um einen noch umfassenderen Eindruck \u00fcber das weitl\u00e4ufige Gel\u00e4nde zu erlangen, bieten wir ab sofort auch gef\u00fchrte Radtouren am Wiener Zentralfriedhof an!<\/p>\n<p>Die (verkehrssicheren) Fahrr\u00e4der m\u00fcssen mitgebracht werden. Weiters empfehlen wir ein Fahrradschloss und ausreichend Trinken mitzubringen.<\/p>\nngg_shortcode_0_placeholder\n","protected":false},"excerpt":{"rendered":"<p>Um einen noch umfassenderen Eindruck \u00fcber das weitl\u00e4ufige Gel\u00e4nde zu erlangen, bieten wir ab sofort auch gef\u00fchrte Radtouren am Wiener Zentralfriedhof an! Die (verkehrssicheren) Fahrr\u00e4der m\u00fcssen mitgebracht werden. Weiters empfehlen wir ein Fahrradschloss und ausreichend Trinken mitzubringen.<\/p>\n","protected":false},"author":1,"featured_media":0,"parent":0,"menu_order":0,"comment_status":"closed","ping_status":"closed","template":"","meta":{"ngg_post_thumbnail":0,"footnotes":""},"class_list":["post-985","page","type-page","status-publish","hentry"],"_links":{"self":[{"href":"https:\/\/www.tourguide.wien\/de\/wp-json\/wp\/v2\/pages\/985","targetHints":{"allow":["GET"]}}],"collection":[{"href":"https:\/\/www.tourguide.wien\/de\/wp-json\/wp\/v2\/pages"}],"about":[{"href":"https:\/\/www.tourguide.wien\/de\/wp-json\/wp\/v2\/types\/page"}],"author":[{"embeddable":true,"href":"https:\/\/www.tourguide.wien\/de\/wp-json\/wp\/v2\/users\/1"}],"replies":[{"embeddable":true,"href":"https:\/\/www.tourguide.wien\/de\/wp-json\/wp\/v2\/comments?post=985"}],"version-history":[{"count":8,"href":"https:\/\/www.tourguide.wien\/de\/wp-json\/wp\/v2\/pages\/985\/revisions"}],"predecessor-version":[{"id":1011,"href":"https:\/\/www.tourguide.wien\/de\/wp-json\/wp\/v2\/pages\/985\/revisions\/1011"}],"wp:attachment":[{"href":"https:\/\/www.tourguide.wien\/de\/wp-json\/wp\/v2\/media?parent=985"}],"curies":[{"name":"wp","href":"https:\/\/api.w.org\/{rel}","templated":true}]}}