{"id":890,"date":"2016-10-31T10:35:18","date_gmt":"2016-10-31T08:35:18","guid":{"rendered":"http:\/\/www.tourguide.wien\/de\/?page_id=890"},"modified":"2024-01-05T09:51:02","modified_gmt":"2024-01-05T07:51:02","slug":"zentralfriedhof","status":"publish","type":"page","link":"https:\/\/www.tourguide.wien\/de\/zentralfriedhof\/","title":{"rendered":"Zentralfriedhof"},"content":{"rendered":"<p>Der Wiener Zentralfriedhof wurde 1874 eingeweiht, seither mehrmals erweitert und z\u00e4hlt heute mit einer Fl\u00e4che von fast 2,5 km\u00b2 zu den gr\u00f6\u00dften Friedhofsanlagen Europas.<\/p>\n<p>Die ca. 2-st\u00fcndige \u00dcberblicksf\u00fchrung beginnt beim Hauptportal (2. Tor) und f\u00fchrt zun\u00e4chst zu den im Neo-Renaissancestil errichteten alten Arkaden. Anschlie\u00dfend f\u00fchrt uns der Weg zu den ber\u00fchmtesten <strong>Ehrengr\u00e4bern<\/strong> und der nach Pl\u00e4nen von Max Hegele im secessionistischen Stil errichteten <strong>Friedhofskirche<\/strong>. Weiter geht es zu verschiedenen Bereichen wie dem Waldfriedhof, Opfergr\u00e4bern und Mahnmalen.<\/p>\n<p><em>Seit 1.1.2024 muss zus\u00e4tzlich zum F\u00fchrungsentgelt ein Solidarit\u00e4tsbeitrag pro TeilnehmerIn (aktuell in der H\u00f6he von 3 Euro) eingehoben werden, welcher 1:1 an die Friedh\u00f6fe Wien GmbH abzuf\u00fchren ist. Diese Gelder kommen ausschlie\u00dflich der Pflege und Erhaltung der Friedh\u00f6fe zugute.<\/em><\/p>\nngg_shortcode_0_placeholder\n<p>Erg\u00e4nzend zur \u00dcberblicksf\u00fchrung werden auch Rundg\u00e4nge in andere Bereiche des Zentralfriedhofes &#8211; wie den \u201aAlten j\u00fcdischen Friedhof\u2018 (1. Tor) &#8211; durchgef\u00fchrt.<\/p>\n<p>Wir bieten ab sofort auch <a href=\"https:\/\/www.tourguide.wien\/de\/radtouren_zentralfriedhof\/\">gef\u00fchrte Radtouren am Wiener Zentralfriedhof<\/a> an! Die Fahrr\u00e4der m\u00fcssen mitgebracht werden.<\/p>\n","protected":false},"excerpt":{"rendered":"<p>Der Wiener Zentralfriedhof wurde 1874 eingeweiht, seither mehrmals erweitert und z\u00e4hlt heute mit einer Fl\u00e4che von fast 2,5 km\u00b2 zu den gr\u00f6\u00dften Friedhofsanlagen Europas. Die ca. 2-st\u00fcndige \u00dcberblicksf\u00fchrung beginnt beim Hauptportal (2. Tor) und f\u00fchrt zun\u00e4chst zu den im Neo-Renaissancestil errichteten alten Arkaden. Anschlie\u00dfend f\u00fchrt uns der Weg zu den ber\u00fchmtesten Ehrengr\u00e4bern und der nach [&hellip;]<\/p>\n","protected":false},"author":1,"featured_media":0,"parent":0,"menu_order":0,"comment_status":"closed","ping_status":"closed","template":"","meta":{"ngg_post_thumbnail":0,"footnotes":""},"class_list":["post-890","page","type-page","status-publish","hentry"],"_links":{"self":[{"href":"https:\/\/www.tourguide.wien\/de\/wp-json\/wp\/v2\/pages\/890","targetHints":{"allow":["GET"]}}],"collection":[{"href":"https:\/\/www.tourguide.wien\/de\/wp-json\/wp\/v2\/pages"}],"about":[{"href":"https:\/\/www.tourguide.wien\/de\/wp-json\/wp\/v2\/types\/page"}],"author":[{"embeddable":true,"href":"https:\/\/www.tourguide.wien\/de\/wp-json\/wp\/v2\/users\/1"}],"replies":[{"embeddable":true,"href":"https:\/\/www.tourguide.wien\/de\/wp-json\/wp\/v2\/comments?post=890"}],"version-history":[{"count":19,"href":"https:\/\/www.tourguide.wien\/de\/wp-json\/wp\/v2\/pages\/890\/revisions"}],"predecessor-version":[{"id":1192,"href":"https:\/\/www.tourguide.wien\/de\/wp-json\/wp\/v2\/pages\/890\/revisions\/1192"}],"wp:attachment":[{"href":"https:\/\/www.tourguide.wien\/de\/wp-json\/wp\/v2\/media?parent=890"}],"curies":[{"name":"wp","href":"https:\/\/api.w.org\/{rel}","templated":true}]}}