{"id":81,"date":"2014-10-23T08:41:46","date_gmt":"2014-10-23T06:41:46","guid":{"rendered":"http:\/\/www.tourguide.wien\/de\/?page_id=81"},"modified":"2014-12-18T14:08:36","modified_gmt":"2014-12-18T12:08:36","slug":"wiener_alpen","status":"publish","type":"page","link":"https:\/\/www.tourguide.wien\/de\/wiener_alpen\/","title":{"rendered":"Wiener Alpen"},"content":{"rendered":"<p>Die \u00f6stlichsten Ausl\u00e4ufer des gro\u00dfen Alpenbogens f\u00e4chern sich im S\u00fcden Nieder\u00f6sterreichs auf und reihen vielf\u00e4ltige Landschaften aneinander. Neben Landschaften wie der \u201aBuckligen Welt\u2019 ist dieses Gebiet vor allem wegen der \u2013 aus der\u00a0 Richtung Wiens kommend betrachtet \u2013 der ersten \u201arichtigen\u2019 Berge von gro\u00dfer Bedeutung.<\/p>\nngg_shortcode_0_placeholder\n<p>Der <strong>Semmering<\/strong> \u2013 weltber\u00fchmt durch die unter der Leitung von Carl Ritter von Ghega erbauten ersten vollspurigen Bergbahn Europas, die den Titel UNESCO-Weltkulturerbe tr\u00e4gt \u2013 beeindruckt mit einer zauberhaften Landschaftskulisse und eleganten Villen. W\u00e4hrend man in der warmen Jahreszeit die zahlreichen Viadukte, Tunnel und Kehren der Gebirgsbahn von Wanderwegen aus entdecken kann, ist der Semmering in der Wintersaison den G\u00e4sten in erster Linie durch das Skigebiet Hirschenkogel ein Begriff.<\/p>\n<p>Der <strong>Schneeberg<\/strong> als h\u00f6chster Berg Nieder\u00f6sterreichs ist ein Naturparadies, welches Dank der auf diesen f\u00fchrenden Zahnradbahn auch f\u00fcr Nicht-Bergsteiger ein lohnendes Ausflugsziel ist. Am Plateau angelangt bieten sich Wanderungen aller Schwierigkeitsstufen (auch einfache f\u00fcr Familien mit Kind) und L\u00e4ngen an \u2013 alle bieten Natur, Almen und eindrucksvolle Ausblicke in die alpine Bergwelt der Ostalpen.<\/p>\n<p>Einst ein bescheidenes Bauern- und Bergbaudorf, wandelte sich Reichenau an der Rax mit dem Bau der Semmeringbahn zu einem beliebten Sommersitz f\u00fcr Mitglieder der kaiserlichen Familie und des Geldadels. Auch heute noch zeugen Villen, Denkm\u00e4ler und Kurpark von dieser Zeit. Vom nahegelegenen Hirschwang aus kann man mit der ersten Personenseilbahn \u00d6sterreichs das auf \u00fcber 2.000 Meter H\u00f6he gelegenem <strong>Hochplateau der Rax<\/strong> bequem erreichen. Wieder untern angelangt bietet sich die M\u00f6glichkeit das Wasserleitungsmuseum Kaiserbrunn zu besuchen \u2013 hier befindet sich der Ursprung der 1869-1873 erbauten Ersten Wiener Hochquellwasserleitung, welche seit damals Wien mit frischen Trinkwasser h\u00f6chster Qualit\u00e4t versorgt.<\/p>\nngg_shortcode_1_placeholder\n<p>Links zu weiterf\u00fchrenden Informationen im Internet:<br \/>\n<a href=\"https:\/\/www.wieneralpen.at\/\" target=\"_blank\">Wiener Alpen in Nieder\u00f6sterreich<\/a><br \/>\n<a href=\"https:\/\/www.schneebergbahn.at\/\" target=\"_blank\">Schneebergbahn<\/a><br \/>\n<a href=\"https:\/\/www.raxalpe.com\/de\/die-rax-seilbahn\" target=\"_blank\">Rax-Seilbahn<\/a><br \/>\n<a href=\"https:\/\/www.zauberberg.at\/de\/zauberberg\/sommer\/\" target=\"_blank\">Zau[ber]g Semmering<\/a><br \/>\n<a href=\"https:\/\/www.semmeringbahn.at\/bahnwanderweg.php\" target=\"_blank\">Semmering Bahnwanderweg<\/a><\/p>\n","protected":false},"excerpt":{"rendered":"<p>Die \u00f6stlichsten Ausl\u00e4ufer des gro\u00dfen Alpenbogens f\u00e4chern sich im S\u00fcden Nieder\u00f6sterreichs auf und reihen vielf\u00e4ltige Landschaften aneinander. Neben Landschaften wie der \u201aBuckligen Welt\u2019 ist dieses Gebiet vor allem wegen der \u2013 aus der\u00a0 Richtung Wiens kommend betrachtet \u2013 der ersten \u201arichtigen\u2019 Berge von gro\u00dfer Bedeutung. Der Semmering \u2013 weltber\u00fchmt durch die unter der Leitung von [&hellip;]<\/p>\n","protected":false},"author":1,"featured_media":0,"parent":0,"menu_order":0,"comment_status":"closed","ping_status":"closed","template":"","meta":{"ngg_post_thumbnail":0,"footnotes":""},"class_list":["post-81","page","type-page","status-publish","hentry"],"_links":{"self":[{"href":"https:\/\/www.tourguide.wien\/de\/wp-json\/wp\/v2\/pages\/81","targetHints":{"allow":["GET"]}}],"collection":[{"href":"https:\/\/www.tourguide.wien\/de\/wp-json\/wp\/v2\/pages"}],"about":[{"href":"https:\/\/www.tourguide.wien\/de\/wp-json\/wp\/v2\/types\/page"}],"author":[{"embeddable":true,"href":"https:\/\/www.tourguide.wien\/de\/wp-json\/wp\/v2\/users\/1"}],"replies":[{"embeddable":true,"href":"https:\/\/www.tourguide.wien\/de\/wp-json\/wp\/v2\/comments?post=81"}],"version-history":[{"count":5,"href":"https:\/\/www.tourguide.wien\/de\/wp-json\/wp\/v2\/pages\/81\/revisions"}],"predecessor-version":[{"id":339,"href":"https:\/\/www.tourguide.wien\/de\/wp-json\/wp\/v2\/pages\/81\/revisions\/339"}],"wp:attachment":[{"href":"https:\/\/www.tourguide.wien\/de\/wp-json\/wp\/v2\/media?parent=81"}],"curies":[{"name":"wp","href":"https:\/\/api.w.org\/{rel}","templated":true}]}}