{"id":8,"date":"2014-10-22T13:28:09","date_gmt":"2014-10-22T11:28:09","guid":{"rendered":"http:\/\/www.tourguide.wien\/de\/?page_id=8"},"modified":"2014-10-23T09:29:39","modified_gmt":"2014-10-23T07:29:39","slug":"angebot","status":"publish","type":"page","link":"https:\/\/www.tourguide.wien\/de\/angebot\/","title":{"rendered":"Angebot"},"content":{"rendered":"<p>Wir bieten Stadtspazierg\u00e4nge, Innenbesichtigungen, Rundfahrten in und rund um Wien zu einer Vielzahl von Themen an \u2013 mit einer Dauer von 1 Stunde bis zu mehreren Tagen.<\/p>\n<p>Hier finden Sie sowohl \u2018klassische\u2019\u00a0 Routenvorschl\u00e4ge, falls Sie zun\u00e4chst einmal einen generellen \u00dcberblick erhalten wollen, als auch Themenvorschl\u00e4ge, wenn Sie die Stadt schon kennen und sich mit bestimmten Themenbereichen vertieft auseinandersetzen wollen.<\/p>\n<p>Wenn Sie individuelle W\u00fcnsche haben, geben Sie uns diese bekannt. Wir sind flexibel, auch was die Fortbewegungsmittel angeht \u2013 wir zeigen Ihnen zu Fu\u00df die Stadt, mit \u00f6ffentlichen Verkehrsmitteln oder steigen zu Ihnen in den Bus.<\/p>\n<p>Falls Sie nicht mit dem eigenen Bus anreisen, k\u00f6nnen wir Ihnen gerne bei der Buchung eines geeigneten Reisebusses behilflich sein.<\/p>\n<p>Unsere <a title=\"Preise\" href=\"https:\/\/www.tourguide.wien\/de\/preise\/\">Preise<\/a> finden Sie <a title=\"Preise\" href=\"https:\/\/www.tourguide.wien\/de\/preise\/\">hier<\/a>.<\/p>\n","protected":false},"excerpt":{"rendered":"<p>Wir bieten Stadtspazierg\u00e4nge, Innenbesichtigungen, Rundfahrten in und rund um Wien zu einer Vielzahl von Themen an \u2013 mit einer Dauer von 1 Stunde bis zu mehreren Tagen. Hier finden Sie sowohl \u2018klassische\u2019\u00a0 Routenvorschl\u00e4ge, falls Sie zun\u00e4chst einmal einen generellen \u00dcberblick erhalten wollen, als auch Themenvorschl\u00e4ge, wenn Sie die Stadt schon kennen und sich mit bestimmten [&hellip;]<\/p>\n","protected":false},"author":1,"featured_media":0,"parent":0,"menu_order":0,"comment_status":"closed","ping_status":"closed","template":"","meta":{"ngg_post_thumbnail":0,"footnotes":""},"class_list":["post-8","page","type-page","status-publish","hentry"],"_links":{"self":[{"href":"https:\/\/www.tourguide.wien\/de\/wp-json\/wp\/v2\/pages\/8","targetHints":{"allow":["GET"]}}],"collection":[{"href":"https:\/\/www.tourguide.wien\/de\/wp-json\/wp\/v2\/pages"}],"about":[{"href":"https:\/\/www.tourguide.wien\/de\/wp-json\/wp\/v2\/types\/page"}],"author":[{"embeddable":true,"href":"https:\/\/www.tourguide.wien\/de\/wp-json\/wp\/v2\/users\/1"}],"replies":[{"embeddable":true,"href":"https:\/\/www.tourguide.wien\/de\/wp-json\/wp\/v2\/comments?post=8"}],"version-history":[{"count":2,"href":"https:\/\/www.tourguide.wien\/de\/wp-json\/wp\/v2\/pages\/8\/revisions"}],"predecessor-version":[{"id":99,"href":"https:\/\/www.tourguide.wien\/de\/wp-json\/wp\/v2\/pages\/8\/revisions\/99"}],"wp:attachment":[{"href":"https:\/\/www.tourguide.wien\/de\/wp-json\/wp\/v2\/media?parent=8"}],"curies":[{"name":"wp","href":"https:\/\/api.w.org\/{rel}","templated":true}]}}