{"id":79,"date":"2014-10-23T08:40:30","date_gmt":"2014-10-23T06:40:30","guid":{"rendered":"http:\/\/www.tourguide.wien\/de\/?page_id=79"},"modified":"2015-01-21T14:08:58","modified_gmt":"2015-01-21T12:08:58","slug":"weinviertel","status":"publish","type":"page","link":"https:\/\/www.tourguide.wien\/de\/weinviertel\/","title":{"rendered":"Weinviertel"},"content":{"rendered":"<p>Wo einst das Urmeer Wellen schlug, bestimmen heute sanfte H\u00fcgel das Bild der Landschaft \u2013 \u00fcppige Weing\u00e4rten, satte \u00c4cker und romantische Kellergassen sind typisch f\u00fcr diese Region im Nordosten Nieder\u00f6sterreichs.<\/p>\n<p>Das grenznahe <strong>Retz<\/strong> lockt mit zahlreichen kulturellen Besonderheiten ober und unter der Erde. Die Weinbaustadt ist f\u00fchr ihren pittoresken Hauptplatz mit seinen bunt get\u00fcnchten Hausfassaden wie jene des Sgraffito- und des Verderberhauses,\u00a0 f\u00fcr ihr gro\u00dfes unterirdisches (Wein-)Kellernetz, sowie f\u00fcr die letzte funktionsf\u00e4hige Windm\u00fchle \u00d6sterreichs weithin bekannt.<\/p>\n<p>Die Pfarrkirche des kleinen Dorfes Sch\u00f6ngrabern wartet mit einer Besonderheit auf, die man sich nicht entgehen lassen sollte \u2013 eine <strong>\u201aSteinerne Bibel\u2019<\/strong>. Romanische Reliefdarstellungen an der Au\u00dfenwand der Apsis stellen auf drastische Weise (fast einem Bilderbuch gleich) den Kampf Gut gegen B\u00f6se dar.<\/p>\n<p>Der Heldenberg, eine monumentale Ruhmesst\u00e4tte auf welcher sich ein geltungss\u00fcchtiger Armeelieferant neben dem gr\u00f6\u00dften \u00f6sterreichischen Feldherren des 19. Jahrhunderts bestatten lie\u00df, z\u00e4hlt ebenso wie ein Amethyst-Sch\u00fcrffeld f\u00fcr Kinder zu weiteren interessanten Zielen dieser Region, die einst am Rande des westlichen Europas am \u201aEisernen Vorhang\u2019 lag.<\/p>\nngg_shortcode_0_placeholder\n","protected":false},"excerpt":{"rendered":"<p>Wo einst das Urmeer Wellen schlug, bestimmen heute sanfte H\u00fcgel das Bild der Landschaft \u2013 \u00fcppige Weing\u00e4rten, satte \u00c4cker und romantische Kellergassen sind typisch f\u00fcr diese Region im Nordosten Nieder\u00f6sterreichs. Das grenznahe Retz lockt mit zahlreichen kulturellen Besonderheiten ober und unter der Erde. Die Weinbaustadt ist f\u00fchr ihren pittoresken Hauptplatz mit seinen bunt get\u00fcnchten Hausfassaden [&hellip;]<\/p>\n","protected":false},"author":1,"featured_media":0,"parent":0,"menu_order":0,"comment_status":"closed","ping_status":"closed","template":"","meta":{"ngg_post_thumbnail":0,"footnotes":""},"class_list":["post-79","page","type-page","status-publish","hentry"],"_links":{"self":[{"href":"https:\/\/www.tourguide.wien\/de\/wp-json\/wp\/v2\/pages\/79","targetHints":{"allow":["GET"]}}],"collection":[{"href":"https:\/\/www.tourguide.wien\/de\/wp-json\/wp\/v2\/pages"}],"about":[{"href":"https:\/\/www.tourguide.wien\/de\/wp-json\/wp\/v2\/types\/page"}],"author":[{"embeddable":true,"href":"https:\/\/www.tourguide.wien\/de\/wp-json\/wp\/v2\/users\/1"}],"replies":[{"embeddable":true,"href":"https:\/\/www.tourguide.wien\/de\/wp-json\/wp\/v2\/comments?post=79"}],"version-history":[{"count":2,"href":"https:\/\/www.tourguide.wien\/de\/wp-json\/wp\/v2\/pages\/79\/revisions"}],"predecessor-version":[{"id":431,"href":"https:\/\/www.tourguide.wien\/de\/wp-json\/wp\/v2\/pages\/79\/revisions\/431"}],"wp:attachment":[{"href":"https:\/\/www.tourguide.wien\/de\/wp-json\/wp\/v2\/media?parent=79"}],"curies":[{"name":"wp","href":"https:\/\/api.w.org\/{rel}","templated":true}]}}