{"id":77,"date":"2014-10-23T08:39:38","date_gmt":"2014-10-23T06:39:38","guid":{"rendered":"http:\/\/www.tourguide.wien\/de\/?page_id=77"},"modified":"2015-02-12T10:14:47","modified_gmt":"2015-02-12T08:14:47","slug":"waldviertel","status":"publish","type":"page","link":"https:\/\/www.tourguide.wien\/de\/waldviertel\/","title":{"rendered":"Waldviertel"},"content":{"rendered":"<p>Das Waldviertel im Nordwesten Nieder\u00f6sterreichs kann rau sein, es ist aber \u2013 so wie sein BewohnerInnen \u2013 auch ehrlich und herzlich. Im Sommer ist besonders der s\u00fcdliche Teil beschaulich und l\u00e4dt die BesucherInnen zum Entdecken von Natur und Kultur ein.<\/p>\nngg_shortcode_0_placeholder\n<p>Das kulturelle und wirtschaftliche Zentrum entwickelte sich ab dem 12. Jahrhundert rund um das <strong>Zisterzienserstift Zwettl<\/strong>. Dieser romanische, gotische und barocke Einfl\u00fcsse vereinende Baukomplex ist ebenso sehenswert wie das historische Stadtzentrum der Stadt, welches durch den von Friedensreich Hundertwasser geschaffenen Stadtbrunnen einen modernen Akzent erhalten hat.<\/p>\n<p>Im <strong>Benediktinerstift Altenburg<\/strong> schuf Josef Munggenast sein Lebenswerk \u2013 Bibliothekssaal, Marmortrakt und vor allem die Stiftskirche pr\u00e4sentieren eine imposante Barockausstattung mit \u00fcppiger Stuckdekoration und gro\u00dfartige Gew\u00f6lbemalereien (von Paul Troger).<\/p>\n<p>Im Kamptal, einst eine der beliebtesten Ferienregionen des \u00f6sterreichischen Kaiserreichs, lohnt sich eine Pause in Gars mit einer bis in die Babenbergerzeit zur\u00fcckreichende Geschichte, bevor es nach Langenlois geht. In der gr\u00f6\u00dften Weinstadt \u00d6sterreichs laden neben Weinkellern und Heurigen (in welchen die regionstypischen Sorten Gr\u00fcner Veltliner und Riesling ausgeschenkt werden) der Kornplatz mit seinen sch\u00f6nen B\u00fcrgerh\u00e4usern und der barocken Dreifaltigkeitss\u00e4ule zu einem Besuch ein.<\/p>\n","protected":false},"excerpt":{"rendered":"<p>Das Waldviertel im Nordwesten Nieder\u00f6sterreichs kann rau sein, es ist aber \u2013 so wie sein BewohnerInnen \u2013 auch ehrlich und herzlich. Im Sommer ist besonders der s\u00fcdliche Teil beschaulich und l\u00e4dt die BesucherInnen zum Entdecken von Natur und Kultur ein. Das kulturelle und wirtschaftliche Zentrum entwickelte sich ab dem 12. Jahrhundert rund um das Zisterzienserstift [&hellip;]<\/p>\n","protected":false},"author":1,"featured_media":0,"parent":0,"menu_order":0,"comment_status":"closed","ping_status":"closed","template":"","meta":{"ngg_post_thumbnail":0,"footnotes":""},"class_list":["post-77","page","type-page","status-publish","hentry"],"_links":{"self":[{"href":"https:\/\/www.tourguide.wien\/de\/wp-json\/wp\/v2\/pages\/77","targetHints":{"allow":["GET"]}}],"collection":[{"href":"https:\/\/www.tourguide.wien\/de\/wp-json\/wp\/v2\/pages"}],"about":[{"href":"https:\/\/www.tourguide.wien\/de\/wp-json\/wp\/v2\/types\/page"}],"author":[{"embeddable":true,"href":"https:\/\/www.tourguide.wien\/de\/wp-json\/wp\/v2\/users\/1"}],"replies":[{"embeddable":true,"href":"https:\/\/www.tourguide.wien\/de\/wp-json\/wp\/v2\/comments?post=77"}],"version-history":[{"count":2,"href":"https:\/\/www.tourguide.wien\/de\/wp-json\/wp\/v2\/pages\/77\/revisions"}],"predecessor-version":[{"id":545,"href":"https:\/\/www.tourguide.wien\/de\/wp-json\/wp\/v2\/pages\/77\/revisions\/545"}],"wp:attachment":[{"href":"https:\/\/www.tourguide.wien\/de\/wp-json\/wp\/v2\/media?parent=77"}],"curies":[{"name":"wp","href":"https:\/\/api.w.org\/{rel}","templated":true}]}}