{"id":65,"date":"2014-10-23T08:30:33","date_gmt":"2014-10-23T06:30:33","guid":{"rendered":"http:\/\/www.tourguide.wien\/de\/?page_id=65"},"modified":"2014-10-31T16:14:55","modified_gmt":"2014-10-31T14:14:55","slug":"hausberge","status":"publish","type":"page","link":"https:\/\/www.tourguide.wien\/de\/hausberge\/","title":{"rendered":"Die Wiener Hausberge \u2013 Kahlenberg und Leopoldsberg (Wandertour)"},"content":{"rendered":"<p style=\"text-align: center;\"><a href=\"https:\/\/www.tourguide.wien\/de\/wp-content\/uploads\/2014\/10\/Die-Wiener-Hausberge.jpg\"><img loading=\"lazy\" decoding=\"async\" class=\"aligncenter size-medium wp-image-247\" src=\"https:\/\/www.tourguide.wien\/de\/wp-content\/uploads\/2014\/10\/Die-Wiener-Hausberge-300x300.jpg\" alt=\"Die Wiener Hausberge\" width=\"300\" height=\"300\" srcset=\"https:\/\/www.tourguide.wien\/de\/wp-content\/uploads\/2014\/10\/Die-Wiener-Hausberge-300x300.jpg 300w, https:\/\/www.tourguide.wien\/de\/wp-content\/uploads\/2014\/10\/Die-Wiener-Hausberge-150x150.jpg 150w, https:\/\/www.tourguide.wien\/de\/wp-content\/uploads\/2014\/10\/Die-Wiener-Hausberge-1024x1024.jpg 1024w, https:\/\/www.tourguide.wien\/de\/wp-content\/uploads\/2014\/10\/Die-Wiener-Hausberge-624x624.jpg 624w, https:\/\/www.tourguide.wien\/de\/wp-content\/uploads\/2014\/10\/Die-Wiener-Hausberge.jpg 1134w\" sizes=\"auto, (max-width: 300px) 100vw, 300px\" \/><\/a><\/p>\n<p>Eine Wanderung vom Ufer des Donaustroms zu den letzten \u2018Gipfeln\u2019 der Ostalpen mit zahlreichen Aus- und Einblicken. \u00dcber den kleinen Weinort Kahlenbergerdorf f\u00fchrt der legend\u00e4re \u2018Nasenweg\u2019 \u00fcber zahlreiche Stufen und Kehren auf den Leopoldsberg, von wo aus sich an klaren Tagen ein herrlicher Ausblick auf das Stadtpanorama Wiens und das Donautal bietet. Die n\u00e4chste Etappe f\u00fchrt \u00fcber geschichtstr\u00e4chtigen Boden \u2013 hier sammelte sich anl\u00e4sslich der Osmanenbelagerung 1683 das Entsatzheer \u2013 auf den Kahlenberg, wo der gem\u00fctliche Abstieg beginnt. Durch Wald und Weing\u00e4rten geht es wahlweise nach Nussdorf oder Grinzing, wo nette Heurige zum Einkehren einladen\u2026<\/p>\n<p>Eine gro\u00dfartige M\u00f6glichkeit Bewegung, Natur, Kultur und Genu\u00df miteinander zu verbinden \u2013 zu jeder Jahreszeit!<\/p>\n<p>&nbsp;<\/p>\n<p>Link zu weiterf\u00fchrenden Informationen im Internet:<br \/>\n<a href=\"https:\/\/www.wien.gv.at\/umwelt\/wald\/freizeit\/wandern\/wege\/index.html\" target=\"_blank\">Wiener Stadtwanderwege<\/a><\/p>\n","protected":false},"excerpt":{"rendered":"<p>Eine Wanderung vom Ufer des Donaustroms zu den letzten \u2018Gipfeln\u2019 der Ostalpen mit zahlreichen Aus- und Einblicken. \u00dcber den kleinen Weinort Kahlenbergerdorf f\u00fchrt der legend\u00e4re \u2018Nasenweg\u2019 \u00fcber zahlreiche Stufen und Kehren auf den Leopoldsberg, von wo aus sich an klaren Tagen ein herrlicher Ausblick auf das Stadtpanorama Wiens und das Donautal bietet. Die n\u00e4chste Etappe [&hellip;]<\/p>\n","protected":false},"author":1,"featured_media":0,"parent":0,"menu_order":0,"comment_status":"closed","ping_status":"closed","template":"","meta":{"ngg_post_thumbnail":0,"footnotes":""},"class_list":["post-65","page","type-page","status-publish","hentry"],"_links":{"self":[{"href":"https:\/\/www.tourguide.wien\/de\/wp-json\/wp\/v2\/pages\/65","targetHints":{"allow":["GET"]}}],"collection":[{"href":"https:\/\/www.tourguide.wien\/de\/wp-json\/wp\/v2\/pages"}],"about":[{"href":"https:\/\/www.tourguide.wien\/de\/wp-json\/wp\/v2\/types\/page"}],"author":[{"embeddable":true,"href":"https:\/\/www.tourguide.wien\/de\/wp-json\/wp\/v2\/users\/1"}],"replies":[{"embeddable":true,"href":"https:\/\/www.tourguide.wien\/de\/wp-json\/wp\/v2\/comments?post=65"}],"version-history":[{"count":5,"href":"https:\/\/www.tourguide.wien\/de\/wp-json\/wp\/v2\/pages\/65\/revisions"}],"predecessor-version":[{"id":253,"href":"https:\/\/www.tourguide.wien\/de\/wp-json\/wp\/v2\/pages\/65\/revisions\/253"}],"wp:attachment":[{"href":"https:\/\/www.tourguide.wien\/de\/wp-json\/wp\/v2\/media?parent=65"}],"curies":[{"name":"wp","href":"https:\/\/api.w.org\/{rel}","templated":true}]}}