{"id":50,"date":"2014-10-23T08:22:14","date_gmt":"2014-10-23T06:22:14","guid":{"rendered":"http:\/\/www.tourguide.wien\/de\/?page_id=50"},"modified":"2026-03-12T17:02:50","modified_gmt":"2026-03-12T15:02:50","slug":"preise","status":"publish","type":"page","link":"https:\/\/www.tourguide.wien\/de\/preise\/","title":{"rendered":"Preise"},"content":{"rendered":"<p>Preis pro Standard-Halbtagsf\u00fchrung (1-25 Personen): netto Euro 240,00. Jede angefangene \u00dcberstunde: netto Euro 90,00.<\/p>\n<p>Kosten f\u00fcr Bus und Eintrittspreise sind nicht inkludiert! Eintrittspreise auf Anfrage.<\/p>\n<p>Halbtagsf\u00fchrung = Stadtspaziergang max. 2 Stunden; innerhalb Wiens (zu Fu\u00df und Bus kombiniert) max. 3 Stunden; au\u00dferhalb Wiens (zu Fu\u00df und Bus kombiniert) max. 4 Stunden.<\/p>\n<p>&nbsp;<\/p>\n<p>Sofern keine gesonderten Vereinbarungen schriftlich getroffen werden, gelten die durch die Wirtschaftskammer Wien (Fachgruppe Wien der Freizeitbetriebe) publizierten <a title=\"Vertragsbedingungen\" href=\"http:\/\/www.freizeitbetriebe-wien.at\/guides\/download\/Vertragsbedingungen_Fremdenfuehrer.pdf\" target=\"_blank\" rel=\"noopener noreferrer\">Allgemeinen Vertragsbedingungen f\u00fcr F\u00fchrungen durch gewerblich befugte Fremdenf\u00fchrerInnen<\/a>.<\/p>\n<p>Die Teilnahme an den F\u00fchrungen erfolgt auf eigene Gefahr \u2013 es wird keine Haftung f\u00fcr Sch\u00e4den an Personen oder Eigentum \u00fcbernommen. F\u00fcr Wanderf\u00fchrungen sind geeignete Ausr\u00fcstung (rutschfeste Schuhe, Sonnenschutz, Regenbekleidung) und die entsprechende Kondition erforderlich. \u00c4nderungen aufgrund von Schlechtwetter bleiben dem Tourguide vorbehalten.<\/p>\n<p>(Alle Preise sind steuerfrei entsprechend der Kleinunternehmerregelung gem. \u00a7 6 Abs. 1 Z 27 UStG)<\/p>\n","protected":false},"excerpt":{"rendered":"<p>Preis pro Standard-Halbtagsf\u00fchrung (1-25 Personen): netto Euro 240,00. Jede angefangene \u00dcberstunde: netto Euro 90,00. Kosten f\u00fcr Bus und Eintrittspreise sind nicht inkludiert! Eintrittspreise auf Anfrage. Halbtagsf\u00fchrung = Stadtspaziergang max. 2 Stunden; innerhalb Wiens (zu Fu\u00df und Bus kombiniert) max. 3 Stunden; au\u00dferhalb Wiens (zu Fu\u00df und Bus kombiniert) max. 4 Stunden. &nbsp; Sofern keine gesonderten [&hellip;]<\/p>\n","protected":false},"author":1,"featured_media":0,"parent":0,"menu_order":0,"comment_status":"closed","ping_status":"closed","template":"","meta":{"ngg_post_thumbnail":0,"footnotes":""},"class_list":["post-50","page","type-page","status-publish","hentry"],"_links":{"self":[{"href":"https:\/\/www.tourguide.wien\/de\/wp-json\/wp\/v2\/pages\/50","targetHints":{"allow":["GET"]}}],"collection":[{"href":"https:\/\/www.tourguide.wien\/de\/wp-json\/wp\/v2\/pages"}],"about":[{"href":"https:\/\/www.tourguide.wien\/de\/wp-json\/wp\/v2\/types\/page"}],"author":[{"embeddable":true,"href":"https:\/\/www.tourguide.wien\/de\/wp-json\/wp\/v2\/users\/1"}],"replies":[{"embeddable":true,"href":"https:\/\/www.tourguide.wien\/de\/wp-json\/wp\/v2\/comments?post=50"}],"version-history":[{"count":16,"href":"https:\/\/www.tourguide.wien\/de\/wp-json\/wp\/v2\/pages\/50\/revisions"}],"predecessor-version":[{"id":1212,"href":"https:\/\/www.tourguide.wien\/de\/wp-json\/wp\/v2\/pages\/50\/revisions\/1212"}],"wp:attachment":[{"href":"https:\/\/www.tourguide.wien\/de\/wp-json\/wp\/v2\/media?parent=50"}],"curies":[{"name":"wp","href":"https:\/\/api.w.org\/{rel}","templated":true}]}}