{"id":46,"date":"2014-10-23T08:21:09","date_gmt":"2014-10-23T06:21:09","guid":{"rendered":"http:\/\/www.tourguide.wien\/de\/?page_id=46"},"modified":"2018-05-29T08:10:32","modified_gmt":"2018-05-29T06:10:32","slug":"schoenbrunn","status":"publish","type":"page","link":"https:\/\/www.tourguide.wien\/de\/schoenbrunn\/","title":{"rendered":"Sch\u00f6nbrunn"},"content":{"rendered":"<p>Seit 1996 Weltkulturerbe und ein \u201aMuss\u2018 bei einem Wienaufenthalt. Schloss Sch\u00f6nbrunn mit seinem weitl\u00e4ufigen barocken Garten ist die meistbesuchte Sehensw\u00fcrdigkeit \u00d6sterreichs. 2,8 Millionen Menschen besichtigen j\u00e4hrlich die ehemals kaiserliche Sommerresidenz. Ein barockes Schloss par excellence das durch die Umbauarbeiten unter Maria Theresia im 18. Jahrhundert sein heutiges Erscheinungsbild erhielt. 40 R\u00e4ume sind heute f\u00fcr die die Besucher zug\u00e4nglich. Der erste Teil der Raumfolge zeigt die ehemaligen R\u00e4umlichkeiten des Kaiserpaares Franz Joseph und Elisabeth, besser bekannt als Sisi. Der zweite Teil des Schlosses befasst sich mit Maria Theresia (der Ururgro\u00dfmutter Franz Josephs) und ihrem Gemahl Kaiser Franz I. Stephan von Lothringen. Zusammen hatten die beiden 16 Kinder.<\/p>\n<p>Gerne k\u00f6nnen wir die Besichtigung des Schlosses in eine Stadtrundfahrt einbauen. Nat\u00fcrlich k\u00f6nnen wir aber auch nur das Schloss besichtigen. Ganz wie Sie m\u00f6chten.<\/p>\n<p>Es fallen Eintrittsgeb\u00fchren f\u00fcr die Innenbesichtigung des Schlosses an.<\/p>\nngg_shortcode_0_placeholder\n<p>&nbsp;<\/p>\n<p>Link zu weiterf\u00fchrenden Informationen im Internet:<br \/>\n<a href=\"https:\/\/www.schoenbrunn.at\/\" target=\"_blank\" rel=\"noopener\">Schloss Sch\u00f6nbrunn<\/a><\/p>\n","protected":false},"excerpt":{"rendered":"<p>Seit 1996 Weltkulturerbe und ein \u201aMuss\u2018 bei einem Wienaufenthalt. Schloss Sch\u00f6nbrunn mit seinem weitl\u00e4ufigen barocken Garten ist die meistbesuchte Sehensw\u00fcrdigkeit \u00d6sterreichs. 2,8 Millionen Menschen besichtigen j\u00e4hrlich die ehemals kaiserliche Sommerresidenz. Ein barockes Schloss par excellence das durch die Umbauarbeiten unter Maria Theresia im 18. Jahrhundert sein heutiges Erscheinungsbild erhielt. 40 R\u00e4ume sind heute f\u00fcr die [&hellip;]<\/p>\n","protected":false},"author":1,"featured_media":0,"parent":0,"menu_order":0,"comment_status":"closed","ping_status":"closed","template":"","meta":{"ngg_post_thumbnail":0,"footnotes":""},"class_list":["post-46","page","type-page","status-publish","hentry"],"_links":{"self":[{"href":"https:\/\/www.tourguide.wien\/de\/wp-json\/wp\/v2\/pages\/46","targetHints":{"allow":["GET"]}}],"collection":[{"href":"https:\/\/www.tourguide.wien\/de\/wp-json\/wp\/v2\/pages"}],"about":[{"href":"https:\/\/www.tourguide.wien\/de\/wp-json\/wp\/v2\/types\/page"}],"author":[{"embeddable":true,"href":"https:\/\/www.tourguide.wien\/de\/wp-json\/wp\/v2\/users\/1"}],"replies":[{"embeddable":true,"href":"https:\/\/www.tourguide.wien\/de\/wp-json\/wp\/v2\/comments?post=46"}],"version-history":[{"count":4,"href":"https:\/\/www.tourguide.wien\/de\/wp-json\/wp\/v2\/pages\/46\/revisions"}],"predecessor-version":[{"id":1083,"href":"https:\/\/www.tourguide.wien\/de\/wp-json\/wp\/v2\/pages\/46\/revisions\/1083"}],"wp:attachment":[{"href":"https:\/\/www.tourguide.wien\/de\/wp-json\/wp\/v2\/media?parent=46"}],"curies":[{"name":"wp","href":"https:\/\/api.w.org\/{rel}","templated":true}]}}