{"id":44,"date":"2014-10-23T08:20:23","date_gmt":"2014-10-23T06:20:23","guid":{"rendered":"http:\/\/www.tourguide.wien\/de\/?page_id=44"},"modified":"2024-10-03T14:41:40","modified_gmt":"2024-10-03T12:41:40","slug":"ringstrasse","status":"publish","type":"page","link":"https:\/\/www.tourguide.wien\/de\/ringstrasse\/","title":{"rendered":"Die Ringstrasse"},"content":{"rendered":"<p><em>\u201aEs ist mein Wille\u2019<\/em>\u2026 mit diesen Worten begann das Handschreiben, mit welchem Kaiser Franz Joseph am 25. Dezember 1857 die Schleifung der Befestigungs- und Verteidigungsanlagen rund um die Wiener Innenstadt einl\u00e4utete. Was folgte war die Schaffung von Bauland in bester Lage, eine grundlegende Umgestaltung der Wiener Stadtlandschaft \u2013 welche als \u201aRingstra\u00dfen\u00e4ra\u2019 in die Stadtgeschichte eingegangen ist \u2013 und der Ausbau Wiens zur prunkvollen Hauptstadt der Donaumonarchie.<\/p>\n<p>Das nunmehr frei gewordene Areal \u2013 ein Gebiet, gr\u00f6\u00dfer als die Fl\u00e4che innerhalb der ehemaligen Befestigungsanlagen \u2013 bot gen\u00fcgend Platz um auf diesem jene monumentale Geb\u00e4uden zu errichten, die heute zu den wichtigsten Sehensw\u00fcrdigkeiten Wiens z\u00e4hlen. Die weltber\u00fchmte Wiener Staatsoper, das Kunsthistorische- und das Naturhistorische Museum, Parlament, Rathaus und Burgtheater, Votivkirche sowie B\u00f6rsengeb\u00e4ude sind nur eine Auswahl jener Bauwerke unterschiedlichste Stilrichtungen, die in ihrer Gesamtheit gesehen ein Kunstwerk des Historismus darstellen.<\/p>\n<p>Aber \u201ader Ring\u2019 \u2013 wie Einheimische die 9 Abschnitte der Wiener Ringstra\u00dfe gemeinhin nennen \u2013 das sind auch Geschichten hinter den repr\u00e4sentativen Fassaden. Geschichten \u00fcber eine turbulente Zeit im permanenten Umbruch, von H\u00f6chstleistungen im Bereich Kunst und Kultur, aber auch vom Elend der Massen und dem Kampf um demokratische Mitbestimmung\u2026<\/p>\n<p><em>Bei der Erkundung der Ringstrasse sind wir zufuss und mit der Stra\u00dfenbahn (Tageschfahrschein mitbringen) unterwegs.<\/em><\/p>\n<p><em>Mit sportlichen G\u00e4sten k\u00f6nnen wir diesen pr\u00e4chtigen Boulevard, der an seinen Enden vom Franz-Joseph-Kai begrenzt ist, alternativ auch per Fahrrad erkunden. Besonders geeignet ist diese Tour f\u00fcr WienerInnen mit eigenem Fahrrad. F\u00fcr kleine Gruppen organisieren wir jedoch gerne (gegen Geb\u00fchr) Fahrr\u00e4der.<\/em><\/p>\nngg_shortcode_0_placeholder\n<p>&nbsp;<\/p>\n<p>Weiterf\u00fchrende Informationen im Internet:<br \/>\n<a href=\"https:\/\/www.wienerlinien.at\/wienmobil\/rad\" target=\"_blank\" rel=\"noopener\">WienMobil Rad: Das Bikesharing-Angebot der Wiener Linien<\/a><\/p>\n","protected":false},"excerpt":{"rendered":"<p>\u201aEs ist mein Wille\u2019\u2026 mit diesen Worten begann das Handschreiben, mit welchem Kaiser Franz Joseph am 25. Dezember 1857 die Schleifung der Befestigungs- und Verteidigungsanlagen rund um die Wiener Innenstadt einl\u00e4utete. Was folgte war die Schaffung von Bauland in bester Lage, eine grundlegende Umgestaltung der Wiener Stadtlandschaft \u2013 welche als \u201aRingstra\u00dfen\u00e4ra\u2019 in die Stadtgeschichte eingegangen [&hellip;]<\/p>\n","protected":false},"author":1,"featured_media":0,"parent":0,"menu_order":0,"comment_status":"closed","ping_status":"closed","template":"","meta":{"ngg_post_thumbnail":0,"footnotes":""},"class_list":["post-44","page","type-page","status-publish","hentry"],"_links":{"self":[{"href":"https:\/\/www.tourguide.wien\/de\/wp-json\/wp\/v2\/pages\/44","targetHints":{"allow":["GET"]}}],"collection":[{"href":"https:\/\/www.tourguide.wien\/de\/wp-json\/wp\/v2\/pages"}],"about":[{"href":"https:\/\/www.tourguide.wien\/de\/wp-json\/wp\/v2\/types\/page"}],"author":[{"embeddable":true,"href":"https:\/\/www.tourguide.wien\/de\/wp-json\/wp\/v2\/users\/1"}],"replies":[{"embeddable":true,"href":"https:\/\/www.tourguide.wien\/de\/wp-json\/wp\/v2\/comments?post=44"}],"version-history":[{"count":10,"href":"https:\/\/www.tourguide.wien\/de\/wp-json\/wp\/v2\/pages\/44\/revisions"}],"predecessor-version":[{"id":1196,"href":"https:\/\/www.tourguide.wien\/de\/wp-json\/wp\/v2\/pages\/44\/revisions\/1196"}],"wp:attachment":[{"href":"https:\/\/www.tourguide.wien\/de\/wp-json\/wp\/v2\/media?parent=44"}],"curies":[{"name":"wp","href":"https:\/\/api.w.org\/{rel}","templated":true}]}}