{"id":41,"date":"2014-10-23T08:18:17","date_gmt":"2014-10-23T06:18:17","guid":{"rendered":"http:\/\/www.tourguide.wien\/de\/?page_id=41"},"modified":"2022-07-15T14:21:19","modified_gmt":"2022-07-15T12:21:19","slug":"sisi","status":"publish","type":"page","link":"https:\/\/www.tourguide.wien\/de\/sisi\/","title":{"rendered":"Auf Sisis Spuren"},"content":{"rendered":"<p>Elisabeth in Bayern heiratete am 24. April 1854 ihren Cousin Franz Joseph, Kaiser von \u00d6sterreich. Schon zu Lebzeiten fast ein Mythos wurde dieser durch ihren tragischen Tod noch verst\u00e4rkt. Doch sp\u00e4testens seit den (historisch nicht ganz korrekten) Ernst Marischka-Filmen ist das Schicksal der Kaiserin von \u00d6sterreich bestens bekannt und Sisi weltweit beliebt.<\/p>\n<p>Auf diesem Spaziergang inkl. Sisi-Museum und Kaiserappartements (Eintrittsgelder nicht inkludiert) erfahren sie die ganze Wahrheit \u00fcber Sisi.<\/p>\nngg_shortcode_0_placeholder\n<p>&nbsp;<\/p>\n<p>Link zu weiterf\u00fchrenden Informationen im Internet:<br \/>\n<a href=\"https:\/\/www.sisimuseum-hofburg.at\/\" target=\"_blank\" rel=\"noopener\">Hofburg \u2013 Kaiserappartements \u2013 Sisi Museum \u2013 Silberkammer<\/a><\/p>\n","protected":false},"excerpt":{"rendered":"<p>Elisabeth in Bayern heiratete am 24. April 1854 ihren Cousin Franz Joseph, Kaiser von \u00d6sterreich. Schon zu Lebzeiten fast ein Mythos wurde dieser durch ihren tragischen Tod noch verst\u00e4rkt. Doch sp\u00e4testens seit den (historisch nicht ganz korrekten) Ernst Marischka-Filmen ist das Schicksal der Kaiserin von \u00d6sterreich bestens bekannt und Sisi weltweit beliebt. Auf diesem Spaziergang [&hellip;]<\/p>\n","protected":false},"author":1,"featured_media":0,"parent":0,"menu_order":0,"comment_status":"closed","ping_status":"closed","template":"","meta":{"ngg_post_thumbnail":0,"footnotes":""},"class_list":["post-41","page","type-page","status-publish","hentry"],"_links":{"self":[{"href":"https:\/\/www.tourguide.wien\/de\/wp-json\/wp\/v2\/pages\/41","targetHints":{"allow":["GET"]}}],"collection":[{"href":"https:\/\/www.tourguide.wien\/de\/wp-json\/wp\/v2\/pages"}],"about":[{"href":"https:\/\/www.tourguide.wien\/de\/wp-json\/wp\/v2\/types\/page"}],"author":[{"embeddable":true,"href":"https:\/\/www.tourguide.wien\/de\/wp-json\/wp\/v2\/users\/1"}],"replies":[{"embeddable":true,"href":"https:\/\/www.tourguide.wien\/de\/wp-json\/wp\/v2\/comments?post=41"}],"version-history":[{"count":5,"href":"https:\/\/www.tourguide.wien\/de\/wp-json\/wp\/v2\/pages\/41\/revisions"}],"predecessor-version":[{"id":1167,"href":"https:\/\/www.tourguide.wien\/de\/wp-json\/wp\/v2\/pages\/41\/revisions\/1167"}],"wp:attachment":[{"href":"https:\/\/www.tourguide.wien\/de\/wp-json\/wp\/v2\/media?parent=41"}],"curies":[{"name":"wp","href":"https:\/\/api.w.org\/{rel}","templated":true}]}}