{"id":4,"date":"2014-10-22T13:25:23","date_gmt":"2014-10-22T11:25:23","guid":{"rendered":"http:\/\/www.tourguide.wien\/de\/?page_id=4"},"modified":"2014-10-29T10:25:39","modified_gmt":"2014-10-29T08:25:39","slug":"willkommen","status":"publish","type":"page","link":"https:\/\/www.tourguide.wien\/de\/","title":{"rendered":"Willkommen in Wien!"},"content":{"rendered":"<p>Sch\u00f6n dass Sie zu uns gefunden haben!<\/p>\n<p>Auf unseren Seiten wollen <a title=\"\u00fcber uns\" href=\"https:\/\/www.tourguide.wien\/de\/ueber_uns\/\">wir<\/a> Ihnen <a title=\"Infos &amp; Tipps\" href=\"https:\/\/www.tourguide.wien\/de\/infos_tipps\/\">Infos &amp; Tipps<\/a> f\u00fcr einen Wien-Aufenthalt anbieten und <a title=\"Angebot\" href=\"https:\/\/www.tourguide.wien\/de\/angebot\/\">unser Angebot<\/a> vorstellen. Wenn Sie diese sch\u00f6ne Stadt und ihr Umland auf eigene Faust erkunden wollen, werden Sie in den einzelnen Bereichen bestimmt n\u00fctzliche Informationen finden.<\/p>\n<p>Wollen Sie Ihren Aufenthalt teilweise in Begleitung von <a title=\"\u00fcber uns\" href=\"https:\/\/www.tourguide.wien\/de\/ueber_uns\/\">hier lebenden, staatlich gepr\u00fcften Fremdenf\u00fchrerInnen<\/a> verbringen und sich zun\u00e4chst einmal bei der ersten Orientierung behilflich sein lassen? Oder waren Sie schon einmal hier und wollen Wien wie die WienerInnen erleben? <a title=\"Kontakt\" href=\"https:\/\/www.tourguide.wien\/de\/kontakt\/\">Kontaktieren<\/a> Sie uns einfach! Wir werden uns bem\u00fchen Ihre Anfragen m\u00f6glichst rasch zu beantworten.<\/p>\n<p>Herzlich<br \/>\nIhr(e) WienTourguide(s)\u2026 <em>Ihr(e)<\/em> Wien-Kenner f\u00fcr <em>Ihre<\/em> Wien-Reise<\/p>\nngg_shortcode_0_placeholder\n","protected":false},"excerpt":{"rendered":"<p>Sch\u00f6n dass Sie zu uns gefunden haben! Auf unseren Seiten wollen wir Ihnen Infos &amp; Tipps f\u00fcr einen Wien-Aufenthalt anbieten und unser Angebot vorstellen. Wenn Sie diese sch\u00f6ne Stadt und ihr Umland auf eigene Faust erkunden wollen, werden Sie in den einzelnen Bereichen bestimmt n\u00fctzliche Informationen finden. Wollen Sie Ihren Aufenthalt teilweise in Begleitung von [&hellip;]<\/p>\n","protected":false},"author":1,"featured_media":0,"parent":0,"menu_order":0,"comment_status":"closed","ping_status":"closed","template":"","meta":{"ngg_post_thumbnail":0,"footnotes":""},"class_list":["post-4","page","type-page","status-publish","hentry"],"_links":{"self":[{"href":"https:\/\/www.tourguide.wien\/de\/wp-json\/wp\/v2\/pages\/4","targetHints":{"allow":["GET"]}}],"collection":[{"href":"https:\/\/www.tourguide.wien\/de\/wp-json\/wp\/v2\/pages"}],"about":[{"href":"https:\/\/www.tourguide.wien\/de\/wp-json\/wp\/v2\/types\/page"}],"author":[{"embeddable":true,"href":"https:\/\/www.tourguide.wien\/de\/wp-json\/wp\/v2\/users\/1"}],"replies":[{"embeddable":true,"href":"https:\/\/www.tourguide.wien\/de\/wp-json\/wp\/v2\/comments?post=4"}],"version-history":[{"count":11,"href":"https:\/\/www.tourguide.wien\/de\/wp-json\/wp\/v2\/pages\/4\/revisions"}],"predecessor-version":[{"id":169,"href":"https:\/\/www.tourguide.wien\/de\/wp-json\/wp\/v2\/pages\/4\/revisions\/169"}],"wp:attachment":[{"href":"https:\/\/www.tourguide.wien\/de\/wp-json\/wp\/v2\/media?parent=4"}],"curies":[{"name":"wp","href":"https:\/\/api.w.org\/{rel}","templated":true}]}}