{"id":38,"date":"2014-10-23T08:17:00","date_gmt":"2014-10-23T06:17:00","guid":{"rendered":"http:\/\/www.tourguide.wien\/de\/?page_id=38"},"modified":"2014-10-30T12:28:06","modified_gmt":"2014-10-30T10:28:06","slug":"altstadt","status":"publish","type":"page","link":"https:\/\/www.tourguide.wien\/de\/altstadt\/","title":{"rendered":"Wiener Altstadt \u2013 kleine Gassen und versteckte Innenh\u00f6fe"},"content":{"rendered":"<p>Dieser Stadtspaziergang ist besonders f\u00fcr Personen geeignet, die schon einmal in Wien waren und Ecken kennenlernen m\u00f6chten, die sie bei Ihrem ersten Besuch so sicher nicht entdeckt haben. Oder kennen Sie schon das Griechenviertel? Oder wissen Sie wo die Kuh am Brett spielt? Warum hat Moses H\u00f6rner auf und wo starb eigentlich Mozart? Kleine Gassen, Durchh\u00e4user und versteckte Innenh\u00f6fe gepaart mit vielen Anekdoten und Legenden machen diesen 2-st\u00fcndigen Spaziergang zu einem besonderen Erlebnis.<\/p>\nngg_shortcode_0_placeholder\n","protected":false},"excerpt":{"rendered":"<p>Dieser Stadtspaziergang ist besonders f\u00fcr Personen geeignet, die schon einmal in Wien waren und Ecken kennenlernen m\u00f6chten, die sie bei Ihrem ersten Besuch so sicher nicht entdeckt haben. Oder kennen Sie schon das Griechenviertel? Oder wissen Sie wo die Kuh am Brett spielt? Warum hat Moses H\u00f6rner auf und wo starb eigentlich Mozart? Kleine Gassen, [&hellip;]<\/p>\n","protected":false},"author":1,"featured_media":0,"parent":0,"menu_order":0,"comment_status":"closed","ping_status":"closed","template":"","meta":{"ngg_post_thumbnail":0,"footnotes":""},"class_list":["post-38","page","type-page","status-publish","hentry"],"_links":{"self":[{"href":"https:\/\/www.tourguide.wien\/de\/wp-json\/wp\/v2\/pages\/38","targetHints":{"allow":["GET"]}}],"collection":[{"href":"https:\/\/www.tourguide.wien\/de\/wp-json\/wp\/v2\/pages"}],"about":[{"href":"https:\/\/www.tourguide.wien\/de\/wp-json\/wp\/v2\/types\/page"}],"author":[{"embeddable":true,"href":"https:\/\/www.tourguide.wien\/de\/wp-json\/wp\/v2\/users\/1"}],"replies":[{"embeddable":true,"href":"https:\/\/www.tourguide.wien\/de\/wp-json\/wp\/v2\/comments?post=38"}],"version-history":[{"count":2,"href":"https:\/\/www.tourguide.wien\/de\/wp-json\/wp\/v2\/pages\/38\/revisions"}],"predecessor-version":[{"id":216,"href":"https:\/\/www.tourguide.wien\/de\/wp-json\/wp\/v2\/pages\/38\/revisions\/216"}],"wp:attachment":[{"href":"https:\/\/www.tourguide.wien\/de\/wp-json\/wp\/v2\/media?parent=38"}],"curies":[{"name":"wp","href":"https:\/\/api.w.org\/{rel}","templated":true}]}}