{"id":35,"date":"2014-10-23T08:15:44","date_gmt":"2014-10-23T06:15:44","guid":{"rendered":"http:\/\/www.tourguide.wien\/de\/?page_id=35"},"modified":"2014-10-30T12:27:47","modified_gmt":"2014-10-30T10:27:47","slug":"highlights","status":"publish","type":"page","link":"https:\/\/www.tourguide.wien\/de\/highlights\/","title":{"rendered":"Highlights der Innenstadt"},"content":{"rendered":"<p>Auf diesem ca. 2-st\u00fcndigen Spaziergang erkunden wir die Wiener Innenstadt mit den wichtigsten Sehensw\u00fcrdigkeiten, wie der ehemaligen kaiserlichen Residenz, der Hofburg. Hier befinden sich neben der Schatzkammer mit den Reichsinsignien auch die Stallungen der weltber\u00fchmten wei\u00dfen Pferde \u2013 der Lipizzaner. Die Route f\u00fchrt \u00fcber den Graben mit der barocken Pests\u00e4ule zum Mittelpunkt Wiens, dem gotischen Stephansdom.<\/p>\n<p>Auf unserem\u00a0 Weg streifen wir typische Wiener Themen wie den Jugendstil, das Kaffeehaus sowie Kaiser Franz Joseph und seine Sisi. Auch der eine oder andere Blick in stille Nebengassen, versteckte Innenh\u00f6fe und Hausdurchg\u00e4nge sollte sich ergeben.<\/p>\nngg_shortcode_0_placeholder\n","protected":false},"excerpt":{"rendered":"<p>Auf diesem ca. 2-st\u00fcndigen Spaziergang erkunden wir die Wiener Innenstadt mit den wichtigsten Sehensw\u00fcrdigkeiten, wie der ehemaligen kaiserlichen Residenz, der Hofburg. Hier befinden sich neben der Schatzkammer mit den Reichsinsignien auch die Stallungen der weltber\u00fchmten wei\u00dfen Pferde \u2013 der Lipizzaner. Die Route f\u00fchrt \u00fcber den Graben mit der barocken Pests\u00e4ule zum Mittelpunkt Wiens, dem gotischen [&hellip;]<\/p>\n","protected":false},"author":1,"featured_media":0,"parent":0,"menu_order":0,"comment_status":"closed","ping_status":"closed","template":"","meta":{"ngg_post_thumbnail":0,"footnotes":""},"class_list":["post-35","page","type-page","status-publish","hentry"],"_links":{"self":[{"href":"https:\/\/www.tourguide.wien\/de\/wp-json\/wp\/v2\/pages\/35","targetHints":{"allow":["GET"]}}],"collection":[{"href":"https:\/\/www.tourguide.wien\/de\/wp-json\/wp\/v2\/pages"}],"about":[{"href":"https:\/\/www.tourguide.wien\/de\/wp-json\/wp\/v2\/types\/page"}],"author":[{"embeddable":true,"href":"https:\/\/www.tourguide.wien\/de\/wp-json\/wp\/v2\/users\/1"}],"replies":[{"embeddable":true,"href":"https:\/\/www.tourguide.wien\/de\/wp-json\/wp\/v2\/comments?post=35"}],"version-history":[{"count":2,"href":"https:\/\/www.tourguide.wien\/de\/wp-json\/wp\/v2\/pages\/35\/revisions"}],"predecessor-version":[{"id":215,"href":"https:\/\/www.tourguide.wien\/de\/wp-json\/wp\/v2\/pages\/35\/revisions\/215"}],"wp:attachment":[{"href":"https:\/\/www.tourguide.wien\/de\/wp-json\/wp\/v2\/media?parent=35"}],"curies":[{"name":"wp","href":"https:\/\/api.w.org\/{rel}","templated":true}]}}