{"id":266,"date":"2014-12-15T15:38:13","date_gmt":"2014-12-15T13:38:13","guid":{"rendered":"http:\/\/www.tourguide.wien\/de\/?page_id=266"},"modified":"2015-01-16T13:16:59","modified_gmt":"2015-01-16T11:16:59","slug":"christina","status":"publish","type":"page","link":"https:\/\/www.tourguide.wien\/de\/christina\/","title":{"rendered":"Christina"},"content":{"rendered":"<p>In Wien bin ich geboren, aufgewachsen und verliebt \u2013 diese Stadt hat f\u00fcr jeden was zu bieten und ist so vielseitig, wie kaum eine andere. Trotzdem wollte ich auch das Leben in einem anderen Land kennenlernen um meine Sprachkenntnisse zu verbessern und habe somit knapp zwei Jahre in Frankreich (Lyon und Paris) verbracht.<\/p>\n<p>Um meine Interessen f\u00fcr Kunst, Architektur, Kultur und Sprachen zu teilen, sehe ich als Fremdenf\u00fchrerin die beste M\u00f6glichkeit, unsere BesucherInnen f\u00fcr Wien zu begeistern und mit Geschichten aus l\u00e4ngst vergangenen Zeiten zum Staunen zu bringen.<\/p>\n<p>Auch wenn Sie Wien bereits kennen gibt es immer wieder Unbekanntes zu entdecken und ich freue mich, Sie dabei zu begleiten!<\/p>\n<p><img loading=\"lazy\" decoding=\"async\" class=\"aligncenter size-thumbnail wp-image-366\" src=\"https:\/\/www.tourguide.wien\/de\/wp-content\/uploads\/2014\/12\/austriaguides-Haschke-150x150.jpg\" alt=\"austriaguides-Haschke\" width=\"150\" height=\"150\" srcset=\"https:\/\/www.tourguide.wien\/de\/wp-content\/uploads\/2014\/12\/austriaguides-Haschke-150x150.jpg 150w, https:\/\/www.tourguide.wien\/de\/wp-content\/uploads\/2014\/12\/austriaguides-Haschke.jpg 265w\" sizes=\"auto, (max-width: 150px) 100vw, 150px\" \/><\/p>\n","protected":false},"excerpt":{"rendered":"<p>In Wien bin ich geboren, aufgewachsen und verliebt \u2013 diese Stadt hat f\u00fcr jeden was zu bieten und ist so vielseitig, wie kaum eine andere. Trotzdem wollte ich auch das Leben in einem anderen Land kennenlernen um meine Sprachkenntnisse zu verbessern und habe somit knapp zwei Jahre in Frankreich (Lyon und Paris) verbracht. Um meine [&hellip;]<\/p>\n","protected":false},"author":1,"featured_media":0,"parent":0,"menu_order":0,"comment_status":"closed","ping_status":"closed","template":"","meta":{"ngg_post_thumbnail":0,"footnotes":""},"class_list":["post-266","page","type-page","status-publish","hentry"],"_links":{"self":[{"href":"https:\/\/www.tourguide.wien\/de\/wp-json\/wp\/v2\/pages\/266","targetHints":{"allow":["GET"]}}],"collection":[{"href":"https:\/\/www.tourguide.wien\/de\/wp-json\/wp\/v2\/pages"}],"about":[{"href":"https:\/\/www.tourguide.wien\/de\/wp-json\/wp\/v2\/types\/page"}],"author":[{"embeddable":true,"href":"https:\/\/www.tourguide.wien\/de\/wp-json\/wp\/v2\/users\/1"}],"replies":[{"embeddable":true,"href":"https:\/\/www.tourguide.wien\/de\/wp-json\/wp\/v2\/comments?post=266"}],"version-history":[{"count":3,"href":"https:\/\/www.tourguide.wien\/de\/wp-json\/wp\/v2\/pages\/266\/revisions"}],"predecessor-version":[{"id":367,"href":"https:\/\/www.tourguide.wien\/de\/wp-json\/wp\/v2\/pages\/266\/revisions\/367"}],"wp:attachment":[{"href":"https:\/\/www.tourguide.wien\/de\/wp-json\/wp\/v2\/media?parent=266"}],"curies":[{"name":"wp","href":"https:\/\/api.w.org\/{rel}","templated":true}]}}