{"id":264,"date":"2014-12-15T15:38:03","date_gmt":"2014-12-15T13:38:03","guid":{"rendered":"http:\/\/www.tourguide.wien\/de\/?page_id=264"},"modified":"2019-02-28T15:17:07","modified_gmt":"2019-02-28T13:17:07","slug":"anna","status":"publish","type":"page","link":"https:\/\/www.tourguide.wien\/de\/anna\/","title":{"rendered":"Anna Maria"},"content":{"rendered":"<p>In Bayern bin ich geboren und aufgewachsen. Unz\u00e4hlige Ferien in Wien, der Heimatstadt meines Vaters, f\u00fchrten schon fr\u00fch dazu, dass ich mich in diese wundersch\u00f6ne und faszinierende Stadt verliebte. So entschloss ich mich vor ca. 15 Jahren hierher zu ziehen und habe diese Entscheidung bis heute noch keinen Tag bereut.<\/p>\n<p>Lassen auch Sie sich verzaubern vom imperialen und gleichzeitig modernen Flair dieser Stadt. H\u00f6ren Sie Geschichte und Geschichten auf einer meiner Touren und teilen Sie meine Begeisterung f\u00fcr Wien. Ich freue mich auf Sie!<\/p>\n<p><img loading=\"lazy\" decoding=\"async\" width=\"150\" height=\"150\" class=\"size-thumbnail wp-image-368 alignleft\" alt=\"austriaguides-Geisler\" src=\"https:\/\/www.tourguide.wien\/de\/wp-content\/uploads\/2014\/12\/austriaguides-Geisler-150x150.jpg\" srcset=\"https:\/\/www.tourguide.wien\/de\/wp-content\/uploads\/2014\/12\/austriaguides-Geisler-150x150.jpg 150w, https:\/\/www.tourguide.wien\/de\/wp-content\/uploads\/2014\/12\/austriaguides-Geisler.jpg 200w\" sizes=\"auto, (max-width: 150px) 100vw, 150px\" \/><\/p>\n<p><img loading=\"lazy\" decoding=\"async\" width=\"150\" height=\"150\" class=\"alignleft size-thumbnail wp-image-370\" alt=\"Anna\" src=\"https:\/\/www.tourguide.wien\/de\/wp-content\/uploads\/2014\/12\/Anna-150x150.jpg\" srcset=\"https:\/\/www.tourguide.wien\/de\/wp-content\/uploads\/2014\/12\/Anna-150x150.jpg 150w, https:\/\/www.tourguide.wien\/de\/wp-content\/uploads\/2014\/12\/Anna-298x300.jpg 298w, https:\/\/www.tourguide.wien\/de\/wp-content\/uploads\/2014\/12\/Anna.jpg 567w\" sizes=\"auto, (max-width: 150px) 100vw, 150px\" \/><\/p>\n<p>&nbsp;<\/p>\n<p>&nbsp;<\/p>\n<p>&nbsp;<\/p>\n<p>&nbsp;<\/p>\n<p>&nbsp;<\/p>\n","protected":false},"excerpt":{"rendered":"<p>In Bayern bin ich geboren und aufgewachsen. Unz\u00e4hlige Ferien in Wien, der Heimatstadt meines Vaters, f\u00fchrten schon fr\u00fch dazu, dass ich mich in diese wundersch\u00f6ne und faszinierende Stadt verliebte. So entschloss ich mich vor ca. 15 Jahren hierher zu ziehen und habe diese Entscheidung bis heute noch keinen Tag bereut. Lassen auch Sie sich verzaubern [&hellip;]<\/p>\n","protected":false},"author":1,"featured_media":0,"parent":0,"menu_order":0,"comment_status":"closed","ping_status":"closed","template":"","meta":{"ngg_post_thumbnail":0,"footnotes":""},"class_list":["post-264","page","type-page","status-publish","hentry"],"_links":{"self":[{"href":"https:\/\/www.tourguide.wien\/de\/wp-json\/wp\/v2\/pages\/264","targetHints":{"allow":["GET"]}}],"collection":[{"href":"https:\/\/www.tourguide.wien\/de\/wp-json\/wp\/v2\/pages"}],"about":[{"href":"https:\/\/www.tourguide.wien\/de\/wp-json\/wp\/v2\/types\/page"}],"author":[{"embeddable":true,"href":"https:\/\/www.tourguide.wien\/de\/wp-json\/wp\/v2\/users\/1"}],"replies":[{"embeddable":true,"href":"https:\/\/www.tourguide.wien\/de\/wp-json\/wp\/v2\/comments?post=264"}],"version-history":[{"count":13,"href":"https:\/\/www.tourguide.wien\/de\/wp-json\/wp\/v2\/pages\/264\/revisions"}],"predecessor-version":[{"id":1122,"href":"https:\/\/www.tourguide.wien\/de\/wp-json\/wp\/v2\/pages\/264\/revisions\/1122"}],"wp:attachment":[{"href":"https:\/\/www.tourguide.wien\/de\/wp-json\/wp\/v2\/media?parent=264"}],"curies":[{"name":"wp","href":"https:\/\/api.w.org\/{rel}","templated":true}]}}