{"id":13,"date":"2014-10-22T13:30:45","date_gmt":"2014-10-22T11:30:45","guid":{"rendered":"http:\/\/www.tourguide.wien\/de\/?page_id=13"},"modified":"2014-10-22T14:07:58","modified_gmt":"2014-10-22T12:07:58","slug":"ueber_uns","status":"publish","type":"page","link":"https:\/\/www.tourguide.wien\/de\/ueber_uns\/","title":{"rendered":"\u00fcber uns"},"content":{"rendered":"<p>Reisehandb\u00fccher, Geschichtsb\u00fccher, Informationen aus dem Internet &#8211; alles recht gut und sch\u00f6n. Mit uns in das lebendige Wien eintauchen &#8211; besser und spannender!<\/p>\n<p>Wissenswertes unterhaltsam pr\u00e4sentieren. Das ist unser Motto.<\/p>\n<p>Ein rascher \u00dcberblick f\u00fcr den Wien-Neuling? Die klassischen Sehensw\u00fcrdigkeiten? Geheimtipps abseits der g\u00e4ngigen Touristenpfade oder ein pers\u00f6nlich auf Ihre Interessen abgestimmtes Programm?<\/p>\n<p>Stadtspazierg\u00e4nge, Innenbesichtigungen, Busrundfahrten in und rund um Wien.<\/p>\n<p>Wir &#8211; ein Team von staatlich gepr\u00fcften Fremdenf\u00fchrer\/innen &#8211; haben bestimmt das passende Programm f\u00fcr Sie im Angebot.<\/p>\n","protected":false},"excerpt":{"rendered":"<p>Reisehandb\u00fccher, Geschichtsb\u00fccher, Informationen aus dem Internet &#8211; alles recht gut und sch\u00f6n. Mit uns in das lebendige Wien eintauchen &#8211; besser und spannender! Wissenswertes unterhaltsam pr\u00e4sentieren. Das ist unser Motto. Ein rascher \u00dcberblick f\u00fcr den Wien-Neuling? Die klassischen Sehensw\u00fcrdigkeiten? Geheimtipps abseits der g\u00e4ngigen Touristenpfade oder ein pers\u00f6nlich auf Ihre Interessen abgestimmtes Programm? Stadtspazierg\u00e4nge, Innenbesichtigungen, Busrundfahrten [&hellip;]<\/p>\n","protected":false},"author":1,"featured_media":0,"parent":0,"menu_order":0,"comment_status":"closed","ping_status":"closed","template":"","meta":{"ngg_post_thumbnail":0,"footnotes":""},"class_list":["post-13","page","type-page","status-publish","hentry"],"_links":{"self":[{"href":"https:\/\/www.tourguide.wien\/de\/wp-json\/wp\/v2\/pages\/13","targetHints":{"allow":["GET"]}}],"collection":[{"href":"https:\/\/www.tourguide.wien\/de\/wp-json\/wp\/v2\/pages"}],"about":[{"href":"https:\/\/www.tourguide.wien\/de\/wp-json\/wp\/v2\/types\/page"}],"author":[{"embeddable":true,"href":"https:\/\/www.tourguide.wien\/de\/wp-json\/wp\/v2\/users\/1"}],"replies":[{"embeddable":true,"href":"https:\/\/www.tourguide.wien\/de\/wp-json\/wp\/v2\/comments?post=13"}],"version-history":[{"count":1,"href":"https:\/\/www.tourguide.wien\/de\/wp-json\/wp\/v2\/pages\/13\/revisions"}],"predecessor-version":[{"id":14,"href":"https:\/\/www.tourguide.wien\/de\/wp-json\/wp\/v2\/pages\/13\/revisions\/14"}],"wp:attachment":[{"href":"https:\/\/www.tourguide.wien\/de\/wp-json\/wp\/v2\/media?parent=13"}],"curies":[{"name":"wp","href":"https:\/\/api.w.org\/{rel}","templated":true}]}}