{"id":11,"date":"2014-10-22T13:31:07","date_gmt":"2014-10-22T11:31:07","guid":{"rendered":"http:\/\/www.tourguide.wien\/de\/?page_id=11"},"modified":"2014-10-23T09:40:15","modified_gmt":"2014-10-23T07:40:15","slug":"infos_tipps","status":"publish","type":"page","link":"https:\/\/www.tourguide.wien\/de\/infos_tipps\/","title":{"rendered":"Infos &#038; Tipps"},"content":{"rendered":"<p>Wer nach Wien kommt, wird selten entt\u00e4uscht. Wien hat viel zu bieten \u2013 f\u00fcr jede Altersstufe, f\u00fcr fast jeden Geschmack, f\u00fcr jede Geldb\u00f6rse. Neben den klassischen Sehensw\u00fcrdigkeiten und einem vielf\u00e4ltigen Kunst- und Kulturangebot in der Stadt, bietet auch das Umland zahllose Freizeitangebote.<\/p>\n<p>Wir wollen an dieser Stelle Infos zu Ausflugsm\u00f6glichkeiten geben und auf aktuelle Veranstaltungen \u2013 abseits der Trampelpfade und zumeist kostenlos \u2013 hinweisen, von denen man oftmals ohne Insiderwissen gar nichts erf\u00e4hrt.<\/p>\n<p><a href=\"https:\/\/www.tourguide.wien\/de\/category\/veranstaltungen\/\">Veranstaltungen<\/a><br \/>\n<a title=\"Infos\" href=\"https:\/\/www.tourguide.wien\/de\/infos\/\">Infos<\/a><\/p>\n","protected":false},"excerpt":{"rendered":"<p>Wer nach Wien kommt, wird selten entt\u00e4uscht. Wien hat viel zu bieten \u2013 f\u00fcr jede Altersstufe, f\u00fcr fast jeden Geschmack, f\u00fcr jede Geldb\u00f6rse. Neben den klassischen Sehensw\u00fcrdigkeiten und einem vielf\u00e4ltigen Kunst- und Kulturangebot in der Stadt, bietet auch das Umland zahllose Freizeitangebote. Wir wollen an dieser Stelle Infos zu Ausflugsm\u00f6glichkeiten geben und auf aktuelle Veranstaltungen [&hellip;]<\/p>\n","protected":false},"author":1,"featured_media":0,"parent":0,"menu_order":0,"comment_status":"closed","ping_status":"closed","template":"","meta":{"ngg_post_thumbnail":0,"footnotes":""},"class_list":["post-11","page","type-page","status-publish","hentry"],"_links":{"self":[{"href":"https:\/\/www.tourguide.wien\/de\/wp-json\/wp\/v2\/pages\/11","targetHints":{"allow":["GET"]}}],"collection":[{"href":"https:\/\/www.tourguide.wien\/de\/wp-json\/wp\/v2\/pages"}],"about":[{"href":"https:\/\/www.tourguide.wien\/de\/wp-json\/wp\/v2\/types\/page"}],"author":[{"embeddable":true,"href":"https:\/\/www.tourguide.wien\/de\/wp-json\/wp\/v2\/users\/1"}],"replies":[{"embeddable":true,"href":"https:\/\/www.tourguide.wien\/de\/wp-json\/wp\/v2\/comments?post=11"}],"version-history":[{"count":4,"href":"https:\/\/www.tourguide.wien\/de\/wp-json\/wp\/v2\/pages\/11\/revisions"}],"predecessor-version":[{"id":102,"href":"https:\/\/www.tourguide.wien\/de\/wp-json\/wp\/v2\/pages\/11\/revisions\/102"}],"wp:attachment":[{"href":"https:\/\/www.tourguide.wien\/de\/wp-json\/wp\/v2\/media?parent=11"}],"curies":[{"name":"wp","href":"https:\/\/api.w.org\/{rel}","templated":true}]}}