{"id":1067,"date":"2018-05-29T07:12:19","date_gmt":"2018-05-29T05:12:19","guid":{"rendered":"https:\/\/www.tourguide.wien\/de\/?page_id=1067"},"modified":"2018-05-29T13:48:57","modified_gmt":"2018-05-29T11:48:57","slug":"khm","status":"publish","type":"page","link":"https:\/\/www.tourguide.wien\/de\/khm\/","title":{"rendered":"Kunsthistorisches Museum"},"content":{"rendered":"<p>Die etwa zweist\u00fcndigen \u00dcberblicksf\u00fchrung im Kunsthistorischen Museum startet mit allgemeinen Erkl\u00e4rungen zum Museum und dessen Architektur.<\/p>\n<p>Nach einem kurzen Blick in die \u00c4gyptische Sammlung werden auf einem abwechslungsreichen Streifzug durch die <strong>Kunstkammer<\/strong> und die <strong>Gem\u00e4ldegalerie<\/strong> die wichtigsten Highlights dieses weltbedeutenden Museums gezeigt, erl\u00e4utert und bewundert.<\/p>\n<p>Die ber\u00fchmtesten Werke italienischer (zB&nbsp; <a href=\"http:\/\/www.khm.at\/de\/object\/eae27d77ca\/\" target=\"_blank\" rel=\"noopener\">Canaletto<\/a>, <a href=\"http:\/\/www.khm.at\/de\/object\/afda332245\/\" target=\"_blank\" rel=\"noopener\">Giorgione<\/a>, <a href=\"http:\/\/www.khm.at\/de\/object\/54072f485c\/\" target=\"_blank\" rel=\"noopener\">Parmigianino<\/a>, <a href=\"http:\/\/www.khm.at\/de\/object\/77f959f119\/\" target=\"_blank\" rel=\"noopener\">Raffael<\/a>, <a href=\"http:\/\/www.khm.at\/de\/object\/facf9f743b\/\" target=\"_blank\" rel=\"noopener\">Tintoretto<\/a>, <a href=\"http:\/\/www.khm.at\/de\/object\/52d2752b15\/\" target=\"_blank\" rel=\"noopener\">Tizian<\/a>, <a href=\"http:\/\/www.khm.at\/de\/object\/39461a19e9\/\" target=\"_blank\" rel=\"noopener\">Veronese<\/a>), niederl\u00e4ndischer (zB <a href=\"http:\/\/www.khm.at\/de\/object\/fe73f687e5\/\" target=\"_blank\" rel=\"noopener\">Bruegel<\/a>, <a href=\"http:\/\/www.khm.at\/de\/object\/490640b435\/\" target=\"_blank\" rel=\"noopener\">Rembrandt<\/a>, <a href=\"http:\/\/www.khm.at\/de\/object\/52c5189391\/\" target=\"_blank\" rel=\"noopener\">Rubens<\/a>, <a href=\"http:\/\/www.khm.at\/de\/object\/8f125da0b3\/\" target=\"_blank\" rel=\"noopener\">Vermeer<\/a>) und deutscher (zB Altdorfer, <a href=\"http:\/\/www.khm.at\/de\/object\/df877f3865\/\" target=\"_blank\" rel=\"noopener\">Cranach<\/a>, <a href=\"http:\/\/www.khm.at\/de\/object\/c0560792e4\/\" target=\"_blank\" rel=\"noopener\">D\u00fcrer<\/a>) Meister stehen ebenso am Erkundungsprogramm wie einzigartige Kunstgegenst\u00e4nde (zB die sogenannte <a href=\"http:\/\/www.khm.at\/de\/object\/cba2dc20f1\/\" target=\"_blank\" rel=\"noopener\">Saliera<\/a> von Benvenuto Cellini) und Kuriosit\u00e4ten (wie kostbar gefasste Magensteine und vermeintliche Drachenz\u00e4hne) der habsburgischen Sammlung.<\/p>\n<p><em>Der Museumseintritt ist im F\u00fchrungsentgelt nicht inkludiert!<\/em><\/p>\n<p>&nbsp;<\/p>\n<p>Weiterf\u00fchrenden Informationen im Internet:<br \/>\n<a href=\"https:\/\/www.khm.at\/\" target=\"_blank\" rel=\"noopener\">Kunsthistorisches Museum Wien<\/a><\/p>\n","protected":false},"excerpt":{"rendered":"<p>Die etwa zweist\u00fcndigen \u00dcberblicksf\u00fchrung im Kunsthistorischen Museum startet mit allgemeinen Erkl\u00e4rungen zum Museum und dessen Architektur. Nach einem kurzen Blick in die \u00c4gyptische Sammlung werden auf einem abwechslungsreichen Streifzug durch die Kunstkammer und die Gem\u00e4ldegalerie die wichtigsten Highlights dieses weltbedeutenden Museums gezeigt, erl\u00e4utert und bewundert. Die ber\u00fchmtesten Werke italienischer (zB&nbsp; Canaletto, Giorgione, Parmigianino, Raffael, Tintoretto, [&hellip;]<\/p>\n","protected":false},"author":1,"featured_media":0,"parent":0,"menu_order":0,"comment_status":"closed","ping_status":"closed","template":"","meta":{"ngg_post_thumbnail":0,"footnotes":""},"class_list":["post-1067","page","type-page","status-publish","hentry"],"_links":{"self":[{"href":"https:\/\/www.tourguide.wien\/de\/wp-json\/wp\/v2\/pages\/1067","targetHints":{"allow":["GET"]}}],"collection":[{"href":"https:\/\/www.tourguide.wien\/de\/wp-json\/wp\/v2\/pages"}],"about":[{"href":"https:\/\/www.tourguide.wien\/de\/wp-json\/wp\/v2\/types\/page"}],"author":[{"embeddable":true,"href":"https:\/\/www.tourguide.wien\/de\/wp-json\/wp\/v2\/users\/1"}],"replies":[{"embeddable":true,"href":"https:\/\/www.tourguide.wien\/de\/wp-json\/wp\/v2\/comments?post=1067"}],"version-history":[{"count":17,"href":"https:\/\/www.tourguide.wien\/de\/wp-json\/wp\/v2\/pages\/1067\/revisions"}],"predecessor-version":[{"id":1091,"href":"https:\/\/www.tourguide.wien\/de\/wp-json\/wp\/v2\/pages\/1067\/revisions\/1091"}],"wp:attachment":[{"href":"https:\/\/www.tourguide.wien\/de\/wp-json\/wp\/v2\/media?parent=1067"}],"curies":[{"name":"wp","href":"https:\/\/api.w.org\/{rel}","templated":true}]}}